{"id":18816,"date":"2024-05-14T23:10:33","date_gmt":"2024-05-14T20:10:33","guid":{"rendered":"https:\/\/yeni.soyutwind.com\/?page_id=18816"},"modified":"2025-04-17T12:03:29","modified_gmt":"2025-04-17T09:03:29","slug":"sertifikalarimiz","status":"publish","type":"page","link":"https:\/\/soyutwind.com\/en\/sertifikalarimiz\/","title":{"rendered":"Certifications"},"content":{"rendered":"<div data-elementor-type=\"wp-page\" data-elementor-id=\"18816\" class=\"elementor elementor-18816\">\n\t\t\t\t<div class=\"elementor-element elementor-element-9292a9c e-con-full e-flex e-con e-parent\" data-id=\"9292a9c\" data-element_type=\"container\" data-e-type=\"container\">\n\t\t<div class=\"elementor-element elementor-element-6860d51 e-con-full e-flex e-con e-child\" data-id=\"6860d51\" data-element_type=\"container\" data-e-type=\"container\">\n\t\t\t\t<div class=\"elementor-element elementor-element-23523fd elementor-widget elementor-widget-wd_image_or_svg\" data-id=\"23523fd\" data-element_type=\"widget\" data-e-type=\"widget\" data-widget_type=\"wd_image_or_svg.default\">\n\t\t\t\t<div class=\"elementor-widget-container\">\n\t\t\t\t\t\n\t\t<div class=\"wd-image text-center photoswipe-images\">\n\t\t\t\t\t\t\t<a  href=\"https:\/\/soyutwind.com\/wp-content\/uploads\/2025\/04\/CE_soyutwind.webp\"data-width=\"1653\" data-height=\"2338\" data-elementor-open-lightbox=\"no\" aria-label=\"Image link\">\n\t\t\t\t\t\t\t\t<img decoding=\"async\" width=\"212\" height=\"300\" src=\"https:\/\/soyutwind.com\/wp-content\/uploads\/2025\/04\/CE_soyutwind-212x300.webp\" class=\"attachment-medium size-medium\" alt=\"\" srcset=\"https:\/\/soyutwind.com\/wp-content\/uploads\/2025\/04\/CE_soyutwind-212x300.webp 212w, https:\/\/soyutwind.com\/wp-content\/uploads\/2025\/04\/CE_soyutwind-566x800.webp 566w, https:\/\/soyutwind.com\/wp-content\/uploads\/2025\/04\/CE_soyutwind-768x1086.webp 768w, https:\/\/soyutwind.com\/wp-content\/uploads\/2025\/04\/CE_soyutwind-1086x1536.webp 1086w, https:\/\/soyutwind.com\/wp-content\/uploads\/2025\/04\/CE_soyutwind-1448x2048.webp 1448w, https:\/\/soyutwind.com\/wp-content\/uploads\/2025\/04\/CE_soyutwind-8x12.webp 8w, https:\/\/soyutwind.com\/wp-content\/uploads\/2025\/04\/CE_soyutwind-430x608.webp 430w, https:\/\/soyutwind.com\/wp-content\/uploads\/2025\/04\/CE_soyutwind-700x990.webp 700w, https:\/\/soyutwind.com\/wp-content\/uploads\/2025\/04\/CE_soyutwind-150x212.webp 150w, https:\/\/soyutwind.com\/wp-content\/uploads\/2025\/04\/CE_soyutwind.webp 1653w\" sizes=\"(max-width: 212px) 100vw, 212px\" title=\"\">\t\t\t\t\t\t\t<\/a>\n\t\t\t\t\t<\/div>\n\n\t\t\t\t\t\t<\/div>\n\t\t\t\t<\/div>\n\t\t\t\t<div class=\"elementor-element elementor-element-40a6ee2 wd-width-100 elementor-widget elementor-widget-wd_title\" data-id=\"40a6ee2\" data-element_type=\"widget\" data-e-type=\"widget\" data-widget_type=\"wd_title.default\">\n\t\t\t\t<div class=\"elementor-widget-container\">\n\t\t\t\t\t\t\t<div class=\"title-wrapper wd-set-mb reset-last-child wd-title-color-default wd-title-style-default wd-title-size-default text-center\">\n\n\t\t\t\n\t\t\t<div class=\"liner-continer\">\n\t\t\t\t<h4 class=\"woodmart-title-container title wd-fontsize-l\">CE<\/h4> \n\t\t\t\t\t\t\t<\/div>\n\n\t\t\t\t\t<\/div>\n\t\t\t\t\t\t<\/div>\n\t\t\t\t<\/div>\n\t\t\t\t<div class=\"elementor-element elementor-element-5ae26a9 elementor-widget elementor-widget-wd_text_block\" data-id=\"5ae26a9\" data-element_type=\"widget\" data-e-type=\"widget\" data-widget_type=\"wd_text_block.default\">\n\t\t\t\t<div class=\"elementor-widget-container\">\n\t\t\t\t\t\t\t<div class=\"wd-text-block reset-last-child text-center\">\n\t\t\t\n\t\t\t<p>It guarantees that our products comply with European Union health, safety and environmental protection standards.<\/p>\n\t\t\t\t\t<\/div>\n\t\t\t\t\t\t<\/div>\n\t\t\t\t<\/div>\n\t\t\t\t<div class=\"elementor-element elementor-element-c05d75f elementor-widget elementor-widget-spacer\" data-id=\"c05d75f\" data-element_type=\"widget\" data-e-type=\"widget\" data-widget_type=\"spacer.default\">\n\t\t\t\t<div class=\"elementor-widget-container\">\n\t\t\t\t\t\t\t<div class=\"elementor-spacer\">\n\t\t\t<div class=\"elementor-spacer-inner\"><\/div>\n\t\t<\/div>\n\t\t\t\t\t\t<\/div>\n\t\t\t\t<\/div>\n\t\t\t\t<\/div>\n\t\t<div class=\"elementor-element elementor-element-2fd64ba e-con-full e-flex e-con e-child\" data-id=\"2fd64ba\" data-element_type=\"container\" data-e-type=\"container\">\n\t\t\t\t<div class=\"elementor-element elementor-element-3cd18ad elementor-widget elementor-widget-wd_image_or_svg\" data-id=\"3cd18ad\" data-element_type=\"widget\" data-e-type=\"widget\" data-widget_type=\"wd_image_or_svg.default\">\n\t\t\t\t<div class=\"elementor-widget-container\">\n\t\t\t\t\t\n\t\t<div class=\"wd-image text-center photoswipe-images\">\n\t\t\t\t\t\t\t<a  href=\"https:\/\/soyutwind.com\/wp-content\/uploads\/2025\/04\/ISO-9001_soyutwind.webp\"data-width=\"1653\" data-height=\"2338\" data-elementor-open-lightbox=\"no\" aria-label=\"Image link\">\n\t\t\t\t\t\t\t\t<img decoding=\"async\" width=\"212\" height=\"300\" src=\"https:\/\/soyutwind.com\/wp-content\/uploads\/2025\/04\/ISO-9001_soyutwind-212x300.webp\" class=\"attachment-medium size-medium\" alt=\"\" srcset=\"https:\/\/soyutwind.com\/wp-content\/uploads\/2025\/04\/ISO-9001_soyutwind-212x300.webp 212w, https:\/\/soyutwind.com\/wp-content\/uploads\/2025\/04\/ISO-9001_soyutwind-566x800.webp 566w, https:\/\/soyutwind.com\/wp-content\/uploads\/2025\/04\/ISO-9001_soyutwind-768x1086.webp 768w, https:\/\/soyutwind.com\/wp-content\/uploads\/2025\/04\/ISO-9001_soyutwind-1086x1536.webp 1086w, https:\/\/soyutwind.com\/wp-content\/uploads\/2025\/04\/ISO-9001_soyutwind-1448x2048.webp 1448w, https:\/\/soyutwind.com\/wp-content\/uploads\/2025\/04\/ISO-9001_soyutwind-8x12.webp 8w, https:\/\/soyutwind.com\/wp-content\/uploads\/2025\/04\/ISO-9001_soyutwind-430x608.webp 430w, https:\/\/soyutwind.com\/wp-content\/uploads\/2025\/04\/ISO-9001_soyutwind-700x990.webp 700w, https:\/\/soyutwind.com\/wp-content\/uploads\/2025\/04\/ISO-9001_soyutwind-150x212.webp 150w, https:\/\/soyutwind.com\/wp-content\/uploads\/2025\/04\/ISO-9001_soyutwind.webp 1653w\" sizes=\"(max-width: 212px) 100vw, 212px\" title=\"\">\t\t\t\t\t\t\t<\/a>\n\t\t\t\t\t<\/div>\n\n\t\t\t\t\t\t<\/div>\n\t\t\t\t<\/div>\n\t\t\t\t<div class=\"elementor-element elementor-element-a581e6e wd-width-100 elementor-widget elementor-widget-wd_title\" data-id=\"a581e6e\" data-element_type=\"widget\" data-e-type=\"widget\" data-widget_type=\"wd_title.default\">\n\t\t\t\t<div class=\"elementor-widget-container\">\n\t\t\t\t\t\t\t<div class=\"title-wrapper wd-set-mb reset-last-child wd-title-color-default wd-title-style-default wd-title-size-default text-center\">\n\n\t\t\t\n\t\t\t<div class=\"liner-continer\">\n\t\t\t\t<h4 class=\"woodmart-title-container title wd-fontsize-l\">ISO 9001<\/h4> \n\t\t\t\t\t\t\t<\/div>\n\n\t\t\t\t\t<\/div>\n\t\t\t\t\t\t<\/div>\n\t\t\t\t<\/div>\n\t\t\t\t<div class=\"elementor-element elementor-element-717530b elementor-widget elementor-widget-wd_text_block\" data-id=\"717530b\" data-element_type=\"widget\" data-e-type=\"widget\" data-widget_type=\"wd_text_block.default\">\n\t\t\t\t<div class=\"elementor-widget-container\">\n\t\t\t\t\t\t\t<div class=\"wd-text-block reset-last-child text-center\">\n\t\t\t\n\t\t\t<p>It certifies that our quality management systems comply with international standards aimed at maximizing customer satisfaction.<span style=\"font-size: 15px; text-align: var(--text-align); background-color: var(--wd-main-bgcolor); color: var(--wd-text-color);\"><\/span><\/p>\n\t\t\t\t\t<\/div>\n\t\t\t\t\t\t<\/div>\n\t\t\t\t<\/div>\n\t\t\t\t<div class=\"elementor-element elementor-element-e333340 elementor-widget elementor-widget-spacer\" data-id=\"e333340\" data-element_type=\"widget\" data-e-type=\"widget\" data-widget_type=\"spacer.default\">\n\t\t\t\t<div class=\"elementor-widget-container\">\n\t\t\t\t\t\t\t<div class=\"elementor-spacer\">\n\t\t\t<div class=\"elementor-spacer-inner\"><\/div>\n\t\t<\/div>\n\t\t\t\t\t\t<\/div>\n\t\t\t\t<\/div>\n\t\t\t\t<\/div>\n\t\t<div class=\"elementor-element elementor-element-bcbf05f e-con-full e-flex e-con e-child\" data-id=\"bcbf05f\" data-element_type=\"container\" data-e-type=\"container\">\n\t\t\t\t<div class=\"elementor-element elementor-element-ebca91b elementor-widget elementor-widget-wd_image_or_svg\" data-id=\"ebca91b\" data-element_type=\"widget\" data-e-type=\"widget\" data-widget_type=\"wd_image_or_svg.default\">\n\t\t\t\t<div class=\"elementor-widget-container\">\n\t\t\t\t\t\n\t\t<div class=\"wd-image text-center photoswipe-images\">\n\t\t\t\t\t\t\t<a  href=\"https:\/\/soyutwind.com\/wp-content\/uploads\/2025\/04\/ISO-10002_soyutwind.webp\"data-width=\"1653\" data-height=\"2338\" data-elementor-open-lightbox=\"no\" aria-label=\"Image link\">\n\t\t\t\t\t\t\t\t<img decoding=\"async\" width=\"212\" height=\"300\" src=\"https:\/\/soyutwind.com\/wp-content\/uploads\/2025\/04\/ISO-10002_soyutwind-212x300.webp\" class=\"attachment-medium size-medium\" alt=\"\" srcset=\"https:\/\/soyutwind.com\/wp-content\/uploads\/2025\/04\/ISO-10002_soyutwind-212x300.webp 212w, https:\/\/soyutwind.com\/wp-content\/uploads\/2025\/04\/ISO-10002_soyutwind-566x800.webp 566w, https:\/\/soyutwind.com\/wp-content\/uploads\/2025\/04\/ISO-10002_soyutwind-768x1086.webp 768w, https:\/\/soyutwind.com\/wp-content\/uploads\/2025\/04\/ISO-10002_soyutwind-1086x1536.webp 1086w, https:\/\/soyutwind.com\/wp-content\/uploads\/2025\/04\/ISO-10002_soyutwind-1448x2048.webp 1448w, https:\/\/soyutwind.com\/wp-content\/uploads\/2025\/04\/ISO-10002_soyutwind-8x12.webp 8w, https:\/\/soyutwind.com\/wp-content\/uploads\/2025\/04\/ISO-10002_soyutwind-430x608.webp 430w, https:\/\/soyutwind.com\/wp-content\/uploads\/2025\/04\/ISO-10002_soyutwind-700x990.webp 700w, https:\/\/soyutwind.com\/wp-content\/uploads\/2025\/04\/ISO-10002_soyutwind-150x212.webp 150w, https:\/\/soyutwind.com\/wp-content\/uploads\/2025\/04\/ISO-10002_soyutwind.webp 1653w\" sizes=\"(max-width: 212px) 100vw, 212px\" title=\"\">\t\t\t\t\t\t\t<\/a>\n\t\t\t\t\t<\/div>\n\n\t\t\t\t\t\t<\/div>\n\t\t\t\t<\/div>\n\t\t\t\t<div class=\"elementor-element elementor-element-4876f5f wd-width-100 elementor-widget elementor-widget-wd_title\" data-id=\"4876f5f\" data-element_type=\"widget\" data-e-type=\"widget\" data-widget_type=\"wd_title.default\">\n\t\t\t\t<div class=\"elementor-widget-container\">\n\t\t\t\t\t\t\t<div class=\"title-wrapper wd-set-mb reset-last-child wd-title-color-default wd-title-style-default wd-title-size-default text-center\">\n\n\t\t\t\n\t\t\t<div class=\"liner-continer\">\n\t\t\t\t<h4 class=\"woodmart-title-container title wd-fontsize-l\">ISO 10002<\/h4> \n\t\t\t\t\t\t\t<\/div>\n\n\t\t\t\t\t<\/div>\n\t\t\t\t\t\t<\/div>\n\t\t\t\t<\/div>\n\t\t\t\t<div class=\"elementor-element elementor-element-860571b elementor-widget elementor-widget-wd_text_block\" data-id=\"860571b\" data-element_type=\"widget\" data-e-type=\"widget\" data-widget_type=\"wd_text_block.default\">\n\t\t\t\t<div class=\"elementor-widget-container\">\n\t\t\t\t\t\t\t<div class=\"wd-text-block reset-last-child text-center\">\n\t\t\t\n\t\t\t<p>It shows that the methods we apply for the effective management of customer complaints are based on the principles of customer orientation and continuous improvement.<span style=\"font-size: 15px; text-align: var(--text-align); background-color: var(--wd-main-bgcolor); color: var(--wd-text-color);\"><\/span><\/p>\n\t\t\t\t\t<\/div>\n\t\t\t\t\t\t<\/div>\n\t\t\t\t<\/div>\n\t\t\t\t<div class=\"elementor-element elementor-element-ebce694 elementor-widget elementor-widget-spacer\" data-id=\"ebce694\" data-element_type=\"widget\" data-e-type=\"widget\" data-widget_type=\"spacer.default\">\n\t\t\t\t<div class=\"elementor-widget-container\">\n\t\t\t\t\t\t\t<div class=\"elementor-spacer\">\n\t\t\t<div class=\"elementor-spacer-inner\"><\/div>\n\t\t<\/div>\n\t\t\t\t\t\t<\/div>\n\t\t\t\t<\/div>\n\t\t\t\t<\/div>\n\t\t<div class=\"elementor-element elementor-element-9754e40 e-con-full e-flex e-con e-child\" data-id=\"9754e40\" data-element_type=\"container\" data-e-type=\"container\">\n\t\t\t\t<div class=\"elementor-element elementor-element-d07ae16 elementor-widget elementor-widget-wd_image_or_svg\" data-id=\"d07ae16\" data-element_type=\"widget\" data-e-type=\"widget\" data-widget_type=\"wd_image_or_svg.default\">\n\t\t\t\t<div class=\"elementor-widget-container\">\n\t\t\t\t\t\n\t\t<div class=\"wd-image text-center photoswipe-images\">\n\t\t\t\t\t\t\t<a  href=\"https:\/\/soyutwind.com\/wp-content\/uploads\/2025\/04\/ISO-14001_soyutwind.webp\"data-width=\"1653\" data-height=\"2338\" data-elementor-open-lightbox=\"no\" aria-label=\"Image link\">\n\t\t\t\t\t\t\t\t<img decoding=\"async\" width=\"212\" height=\"300\" src=\"https:\/\/soyutwind.com\/wp-content\/uploads\/2025\/04\/ISO-14001_soyutwind-212x300.webp\" class=\"attachment-medium size-medium\" alt=\"\" srcset=\"https:\/\/soyutwind.com\/wp-content\/uploads\/2025\/04\/ISO-14001_soyutwind-212x300.webp 212w, https:\/\/soyutwind.com\/wp-content\/uploads\/2025\/04\/ISO-14001_soyutwind-566x800.webp 566w, https:\/\/soyutwind.com\/wp-content\/uploads\/2025\/04\/ISO-14001_soyutwind-768x1086.webp 768w, https:\/\/soyutwind.com\/wp-content\/uploads\/2025\/04\/ISO-14001_soyutwind-1086x1536.webp 1086w, https:\/\/soyutwind.com\/wp-content\/uploads\/2025\/04\/ISO-14001_soyutwind-1448x2048.webp 1448w, https:\/\/soyutwind.com\/wp-content\/uploads\/2025\/04\/ISO-14001_soyutwind-8x12.webp 8w, https:\/\/soyutwind.com\/wp-content\/uploads\/2025\/04\/ISO-14001_soyutwind-430x608.webp 430w, https:\/\/soyutwind.com\/wp-content\/uploads\/2025\/04\/ISO-14001_soyutwind-700x990.webp 700w, https:\/\/soyutwind.com\/wp-content\/uploads\/2025\/04\/ISO-14001_soyutwind-150x212.webp 150w, https:\/\/soyutwind.com\/wp-content\/uploads\/2025\/04\/ISO-14001_soyutwind.webp 1653w\" sizes=\"(max-width: 212px) 100vw, 212px\" title=\"\">\t\t\t\t\t\t\t<\/a>\n\t\t\t\t\t<\/div>\n\n\t\t\t\t\t\t<\/div>\n\t\t\t\t<\/div>\n\t\t\t\t<div class=\"elementor-element elementor-element-39361b8 wd-width-100 elementor-widget elementor-widget-wd_title\" data-id=\"39361b8\" data-element_type=\"widget\" data-e-type=\"widget\" data-widget_type=\"wd_title.default\">\n\t\t\t\t<div class=\"elementor-widget-container\">\n\t\t\t\t\t\t\t<div class=\"title-wrapper wd-set-mb reset-last-child wd-title-color-default wd-title-style-default wd-title-size-default text-center\">\n\n\t\t\t\n\t\t\t<div class=\"liner-continer\">\n\t\t\t\t<h4 class=\"woodmart-title-container title wd-fontsize-l\">ISO 14001<\/h4> \n\t\t\t\t\t\t\t<\/div>\n\n\t\t\t\t\t<\/div>\n\t\t\t\t\t\t<\/div>\n\t\t\t\t<\/div>\n\t\t\t\t<div class=\"elementor-element elementor-element-ce18525 elementor-widget elementor-widget-wd_text_block\" data-id=\"ce18525\" data-element_type=\"widget\" data-e-type=\"widget\" data-widget_type=\"wd_text_block.default\">\n\t\t\t\t<div class=\"elementor-widget-container\">\n\t\t\t\t\t\t\t<div class=\"wd-text-block reset-last-child text-center\">\n\t\t\t\n\t\t\t<p>Evidence that our environmental management systems aim to reduce environmental impact and adhere to the principles of sustainability.<span style=\"font-size: 15px; text-align: var(--text-align); background-color: var(--wd-main-bgcolor); color: var(--wd-text-color);\"><\/span><\/p>\n\t\t\t\t\t<\/div>\n\t\t\t\t\t\t<\/div>\n\t\t\t\t<\/div>\n\t\t\t\t<div class=\"elementor-element elementor-element-7fa08b4 elementor-widget elementor-widget-spacer\" data-id=\"7fa08b4\" data-element_type=\"widget\" data-e-type=\"widget\" data-widget_type=\"spacer.default\">\n\t\t\t\t<div class=\"elementor-widget-container\">\n\t\t\t\t\t\t\t<div class=\"elementor-spacer\">\n\t\t\t<div class=\"elementor-spacer-inner\"><\/div>\n\t\t<\/div>\n\t\t\t\t\t\t<\/div>\n\t\t\t\t<\/div>\n\t\t\t\t<\/div>\n\t\t<div class=\"elementor-element elementor-element-1a0a386 e-con-full e-flex e-con e-child\" data-id=\"1a0a386\" data-element_type=\"container\" data-e-type=\"container\">\n\t\t\t\t<div class=\"elementor-element elementor-element-03cb5ec elementor-widget elementor-widget-wd_image_or_svg\" data-id=\"03cb5ec\" data-element_type=\"widget\" data-e-type=\"widget\" data-widget_type=\"wd_image_or_svg.default\">\n\t\t\t\t<div class=\"elementor-widget-container\">\n\t\t\t\t\t\n\t\t<div class=\"wd-image text-center photoswipe-images\">\n\t\t\t\t\t\t\t<a  href=\"https:\/\/soyutwind.com\/wp-content\/uploads\/2025\/04\/ISO-45001_soyutwind.webp\"data-width=\"1653\" data-height=\"2338\" data-elementor-open-lightbox=\"no\" aria-label=\"Image link\">\n\t\t\t\t\t\t\t\t<img decoding=\"async\" width=\"212\" height=\"300\" src=\"https:\/\/soyutwind.com\/wp-content\/uploads\/2025\/04\/ISO-45001_soyutwind-212x300.webp\" class=\"attachment-medium size-medium\" alt=\"\" srcset=\"https:\/\/soyutwind.com\/wp-content\/uploads\/2025\/04\/ISO-45001_soyutwind-212x300.webp 212w, https:\/\/soyutwind.com\/wp-content\/uploads\/2025\/04\/ISO-45001_soyutwind-566x800.webp 566w, https:\/\/soyutwind.com\/wp-content\/uploads\/2025\/04\/ISO-45001_soyutwind-768x1086.webp 768w, https:\/\/soyutwind.com\/wp-content\/uploads\/2025\/04\/ISO-45001_soyutwind-1086x1536.webp 1086w, https:\/\/soyutwind.com\/wp-content\/uploads\/2025\/04\/ISO-45001_soyutwind-1448x2048.webp 1448w, https:\/\/soyutwind.com\/wp-content\/uploads\/2025\/04\/ISO-45001_soyutwind-8x12.webp 8w, https:\/\/soyutwind.com\/wp-content\/uploads\/2025\/04\/ISO-45001_soyutwind-430x608.webp 430w, https:\/\/soyutwind.com\/wp-content\/uploads\/2025\/04\/ISO-45001_soyutwind-700x990.webp 700w, https:\/\/soyutwind.com\/wp-content\/uploads\/2025\/04\/ISO-45001_soyutwind-150x212.webp 150w, https:\/\/soyutwind.com\/wp-content\/uploads\/2025\/04\/ISO-45001_soyutwind.webp 1653w\" sizes=\"(max-width: 212px) 100vw, 212px\" title=\"\">\t\t\t\t\t\t\t<\/a>\n\t\t\t\t\t<\/div>\n\n\t\t\t\t\t\t<\/div>\n\t\t\t\t<\/div>\n\t\t\t\t<div class=\"elementor-element elementor-element-61d39eb wd-width-100 elementor-widget elementor-widget-wd_title\" data-id=\"61d39eb\" data-element_type=\"widget\" data-e-type=\"widget\" data-widget_type=\"wd_title.default\">\n\t\t\t\t<div class=\"elementor-widget-container\">\n\t\t\t\t\t\t\t<div class=\"title-wrapper wd-set-mb reset-last-child wd-title-color-default wd-title-style-default wd-title-size-default text-center\">\n\n\t\t\t\n\t\t\t<div class=\"liner-continer\">\n\t\t\t\t<h4 class=\"woodmart-title-container title wd-fontsize-l\">ISO 45001<\/h4> \n\t\t\t\t\t\t\t<\/div>\n\n\t\t\t\t\t<\/div>\n\t\t\t\t\t\t<\/div>\n\t\t\t\t<\/div>\n\t\t\t\t<div class=\"elementor-element elementor-element-675f422 elementor-widget elementor-widget-wd_text_block\" data-id=\"675f422\" data-element_type=\"widget\" data-e-type=\"widget\" data-widget_type=\"wd_text_block.default\">\n\t\t\t\t<div class=\"elementor-widget-container\">\n\t\t\t\t\t\t\t<div class=\"wd-text-block reset-last-child text-center\">\n\t\t\t\n\t\t\t<p>Demonstrates that our occupational health and safety management systems comply with international standards to protect the health and safety of our employees.<span style=\"font-size: 15px; text-align: var(--text-align); background-color: var(--wd-main-bgcolor); color: var(--wd-text-color);\"><\/span><\/p>\n\t\t\t\t\t<\/div>\n\t\t\t\t\t\t<\/div>\n\t\t\t\t<\/div>\n\t\t\t\t<div class=\"elementor-element elementor-element-fcec380 elementor-widget elementor-widget-spacer\" data-id=\"fcec380\" data-element_type=\"widget\" data-e-type=\"widget\" data-widget_type=\"spacer.default\">\n\t\t\t\t<div class=\"elementor-widget-container\">\n\t\t\t\t\t\t\t<div class=\"elementor-spacer\">\n\t\t\t<div class=\"elementor-spacer-inner\"><\/div>\n\t\t<\/div>\n\t\t\t\t\t\t<\/div>\n\t\t\t\t<\/div>\n\t\t\t\t<\/div>\n\t\t<div class=\"elementor-element elementor-element-e5ab42d e-con-full e-flex e-con e-child\" data-id=\"e5ab42d\" data-element_type=\"container\" data-e-type=\"container\">\n\t\t\t\t<div class=\"elementor-element elementor-element-5bcbcc2 elementor-widget elementor-widget-wd_image_or_svg\" data-id=\"5bcbcc2\" data-element_type=\"widget\" data-e-type=\"widget\" data-widget_type=\"wd_image_or_svg.default\">\n\t\t\t\t<div class=\"elementor-widget-container\">\n\t\t\t\t\t\n\t\t<div class=\"wd-image text-center photoswipe-images\">\n\t\t\t\t\t\t\t<a  href=\"https:\/\/soyutwind.com\/wp-content\/uploads\/2025\/04\/ISO-50001_soyutwind.webp\"data-width=\"1653\" data-height=\"2338\" data-elementor-open-lightbox=\"no\" aria-label=\"Image link\">\n\t\t\t\t\t\t\t\t<img decoding=\"async\" width=\"212\" height=\"300\" src=\"https:\/\/soyutwind.com\/wp-content\/uploads\/2025\/04\/ISO-50001_soyutwind-212x300.webp\" class=\"attachment-medium size-medium\" alt=\"\" srcset=\"https:\/\/soyutwind.com\/wp-content\/uploads\/2025\/04\/ISO-50001_soyutwind-212x300.webp 212w, https:\/\/soyutwind.com\/wp-content\/uploads\/2025\/04\/ISO-50001_soyutwind-566x800.webp 566w, https:\/\/soyutwind.com\/wp-content\/uploads\/2025\/04\/ISO-50001_soyutwind-768x1086.webp 768w, https:\/\/soyutwind.com\/wp-content\/uploads\/2025\/04\/ISO-50001_soyutwind-1086x1536.webp 1086w, https:\/\/soyutwind.com\/wp-content\/uploads\/2025\/04\/ISO-50001_soyutwind-1448x2048.webp 1448w, https:\/\/soyutwind.com\/wp-content\/uploads\/2025\/04\/ISO-50001_soyutwind-8x12.webp 8w, https:\/\/soyutwind.com\/wp-content\/uploads\/2025\/04\/ISO-50001_soyutwind-430x608.webp 430w, https:\/\/soyutwind.com\/wp-content\/uploads\/2025\/04\/ISO-50001_soyutwind-700x990.webp 700w, https:\/\/soyutwind.com\/wp-content\/uploads\/2025\/04\/ISO-50001_soyutwind-150x212.webp 150w, https:\/\/soyutwind.com\/wp-content\/uploads\/2025\/04\/ISO-50001_soyutwind.webp 1653w\" sizes=\"(max-width: 212px) 100vw, 212px\" title=\"\">\t\t\t\t\t\t\t<\/a>\n\t\t\t\t\t<\/div>\n\n\t\t\t\t\t\t<\/div>\n\t\t\t\t<\/div>\n\t\t\t\t<div class=\"elementor-element elementor-element-d2c0a09 wd-width-100 elementor-widget elementor-widget-wd_title\" data-id=\"d2c0a09\" data-element_type=\"widget\" data-e-type=\"widget\" data-widget_type=\"wd_title.default\">\n\t\t\t\t<div class=\"elementor-widget-container\">\n\t\t\t\t\t\t\t<div class=\"title-wrapper wd-set-mb reset-last-child wd-title-color-default wd-title-style-default wd-title-size-default text-center\">\n\n\t\t\t\n\t\t\t<div class=\"liner-continer\">\n\t\t\t\t<h4 class=\"woodmart-title-container title wd-fontsize-l\">ISO 50001<\/h4> \n\t\t\t\t\t\t\t<\/div>\n\n\t\t\t\t\t<\/div>\n\t\t\t\t\t\t<\/div>\n\t\t\t\t<\/div>\n\t\t\t\t<div class=\"elementor-element elementor-element-8fc874c elementor-widget elementor-widget-wd_text_block\" data-id=\"8fc874c\" data-element_type=\"widget\" data-e-type=\"widget\" data-widget_type=\"wd_text_block.default\">\n\t\t\t\t<div class=\"elementor-widget-container\">\n\t\t\t\t\t\t\t<div class=\"wd-text-block reset-last-child text-center\">\n\t\t\t\n\t\t\t<p>It covers the processes that ensure continuous improvement in energy efficiency, use and consumption of our energy management systems.<span style=\"font-size: 15px; text-align: var(--text-align); background-color: var(--wd-main-bgcolor); color: var(--wd-text-color);\"><\/span><\/p>\n\t\t\t\t\t<\/div>\n\t\t\t\t\t\t<\/div>\n\t\t\t\t<\/div>\n\t\t\t\t<div class=\"elementor-element elementor-element-a265189 elementor-widget elementor-widget-spacer\" data-id=\"a265189\" data-element_type=\"widget\" data-e-type=\"widget\" data-widget_type=\"spacer.default\">\n\t\t\t\t<div class=\"elementor-widget-container\">\n\t\t\t\t\t\t\t<div class=\"elementor-spacer\">\n\t\t\t<div class=\"elementor-spacer-inner\"><\/div>\n\t\t<\/div>\n\t\t\t\t\t\t<\/div>\n\t\t\t\t<\/div>\n\t\t\t\t<\/div>\n\t\t\t\t<\/div>\n\t\t\t\t<\/div>","protected":false},"excerpt":{"rendered":"<p>CE \u00dcr\u00fcnlerimizin Avrupa Birli\u011fi sa\u011fl\u0131k, g\u00fcvenlik ve \u00e7evre koruma standartlar\u0131na uygunlu\u011funu garanti eder. ISO 9001 Kalite y\u00f6netim sistemlerimizin, m\u00fc\u015fteri memnuniyetini<\/p>","protected":false},"author":2,"featured_media":0,"parent":0,"menu_order":0,"comment_status":"closed","ping_status":"closed","template":"elementor_header_footer","meta":{"footnotes":""},"class_list":["post-18816","page","type-page","status-publish","hentry"],"_links":{"self":[{"href":"https:\/\/soyutwind.com\/en\/wp-json\/wp\/v2\/pages\/18816","targetHints":{"allow":["GET"]}}],"collection":[{"href":"https:\/\/soyutwind.com\/en\/wp-json\/wp\/v2\/pages"}],"about":[{"href":"https:\/\/soyutwind.com\/en\/wp-json\/wp\/v2\/types\/page"}],"author":[{"embeddable":true,"href":"https:\/\/soyutwind.com\/en\/wp-json\/wp\/v2\/users\/2"}],"replies":[{"embeddable":true,"href":"https:\/\/soyutwind.com\/en\/wp-json\/wp\/v2\/comments?post=18816"}],"version-history":[{"count":0,"href":"https:\/\/soyutwind.com\/en\/wp-json\/wp\/v2\/pages\/18816\/revisions"}],"wp:attachment":[{"href":"https:\/\/soyutwind.com\/en\/wp-json\/wp\/v2\/media?parent=18816"}],"curies":[{"name":"wp","href":"https:\/\/api.w.org\/{rel}","templated":true}]}}