{"id":20701,"date":"2024-08-19T13:20:16","date_gmt":"2024-08-19T10:20:16","guid":{"rendered":"https:\/\/soyutwind.com\/?page_id=20701"},"modified":"2024-08-19T13:20:17","modified_gmt":"2024-08-19T10:20:17","slug":"cerez-politikasi","status":"publish","type":"page","link":"https:\/\/soyutwind.com\/en\/cerez-politikasi\/","title":{"rendered":"\u00c7erez Politikas\u0131"},"content":{"rendered":"<p class=\"has-medium-font-size\"><strong>\u00c7EREZ (COOKIE) POL\u0130T\u0130KASI<\/strong><\/p>\n\n\n\n<p>Bu \u00c7erez Politikas\u0131 (Bundan sonra &#8220;<strong>Politika<\/strong>\u201d olarak an\u0131lacakt\u0131r.); SOYUT W\u0130ND R\u00dcZGAR T\u00dcRB\u0130NLER\u0130 \u00dcRET\u0130M M\u00dcHEND\u0130SL\u0130K ENERJ\u0130 \u0130N\u015eAAT ANON\u0130M \u015e\u0130RKET\u0130 (bundan sonra &#8220;<strong>SOYUT W\u0130ND<\/strong>\u201d olarak an\u0131lacakt\u0131r.) taraf\u0131ndan y\u00fcr\u00fct\u00fclen internet siteleri ve mobil platformlar i\u00e7in ge\u00e7erli olup, \u00e7erez kullan\u0131m\u0131na ili\u015fkin ilkeleri a\u00e7\u0131klamaktad\u0131r.<\/p>\n\n\n\n<p class=\"has-medium-font-size\"><strong>\u00c7erez (Cookie) nedir?<\/strong><\/p>\n\n\n\n<p style=\"font-size:16px\">\u00c7erez; bir internet sitesinin veya bir mobil uygulaman\u0131n d\u00fczg\u00fcn bir \u015fekilde \u00e7al\u0131\u015fmas\u0131, kullan\u0131c\u0131 deneyiminin iyile\u015ftirilmesi, sitenin geli\u015ftirilmesi ve optimize edilmesi, daha uygun, ilgiye dayal\u0131 reklam sunma, ziyaret\u00e7iler i\u00e7in ilgi \u00e7ekici ve ki\u015fiselle\u015ftirilmi\u015f bir internet sitesi\/uygulama ve reklam portf\u00f6y\u00fc sunmak amac\u0131yla cihazlara (bilgisayar, ak\u0131ll\u0131 telefon, tablet) yerle\u015ftirilen k\u00fc\u00e7\u00fck veri par\u00e7ac\u0131klar\u0131d\u0131r.<br>\u00c7erezler, internet sitemizin veya mobil platformlar\u0131n tercihlerinizi hat\u0131rlamas\u0131nda yard\u0131mc\u0131 olurlar. (\u00d6rne\u011fin internet sitemize giri\u015f yaparken girdi\u011finiz bilgiler, dil, konum ve di\u011fer tercihler). B\u00f6ylelikle internet sitemiz veya mobil uygulamalar\u0131m\u0131z\u0131 ziyaret etti\u011finizde s\u00f6z konusu bilgileri tekrar girmeniz gerekmez.<\/p>\n\n\n\n<p class=\"has-medium-font-size\"><strong>Cihazlar\u0131n\u0131zda ne t\u00fcr \u00e7erezler tutuyoruz ve bunlar\u0131 ne ama\u00e7la kullan\u0131yoruz?<\/strong><\/p>\n\n\n\n<p class=\"has-medium-font-size\"><\/p>\n\n\n\n<figure class=\"wp-block-table\"><table class=\"has-fixed-layout\"><tbody><tr><td><strong>\u00c7erez T\u00fcr\u00fc<\/strong><\/td><td><strong>\u00c7erezin Fonksiyonu<\/strong><\/td><\/tr><tr><td>Oturum \u00c7erezleri<\/td><td>\u00b7 \u0130nternet sitesinden ayr\u0131lana dek cihazlar\u0131n\u0131zda tutulan ge\u00e7ici \u00e7erezleri ifade eder. Kal\u0131c\u0131 \u00e7erezler ise cihaz\u0131n\u0131z\u0131n sabit diskinde uzun s\u00fcreler kalan t\u00fcrde \u00e7erezlerdir.<\/td><\/tr><tr><td>Zorunlu \u00c7erezler<\/td><td>\u00b7 \u0130nternet sitesinin d\u00fczg\u00fcn bir \u015fekilde \u00e7al\u0131\u015fabilmesi ve kullan\u0131c\u0131lar\u0131n sitede gezinme ve \u00f6zelliklerinden yararlanmas\u0131n\u0131 sa\u011flar. Zorunlu \u00e7erezler anonim niteliktedirler. Bir \u00e7erezin &#8220;Zorunlu \u00c7erez\u201d olarak nitelendirilebilmesi i\u00e7in internet sitesi \u00fczerinde verilen bir hizmetin sa\u011flanabilmesi i\u00e7in kullan\u0131m\u0131n\u0131n zorunlu olmas\u0131 gerekmektedir. Ba\u015fka bir deyi\u015fle kullan\u0131lmad\u0131\u011f\u0131 takdirde internet sitesi \u00fczerinde hedeflenen bir fonksiyonun sa\u011flanamayaca\u011f\u0131 \u00e7erezler zorunlu \u00e7erezlerdir. Buna ek olarak, hedeflenen fonksiyonun da kullan\u0131c\u0131 taraf\u0131ndan a\u00e7\u0131k \u015fekilde talep ediliyor olmas\u0131 gerekmektedir. Ger\u00e7ekle\u015ftirilen online al\u0131\u015fveri\u015flerde &#8220;sepete ekle\u201d butonuna kullan\u0131c\u0131 taraf\u0131ndan bas\u0131lmas\u0131 ve benzeri. \u00b7 Zorunlu \u00e7erezler internet sitesi ve mobil uygulaman\u0131n performans\u0131 bak\u0131m\u0131ndan gerekli olup kullan\u0131c\u0131n\u0131n onay\u0131na tabi de\u011fillerdir. Bu nedenle internet sitesi ve mobil uygulamalarda yer alan zorunlu \u00e7erez kullan\u0131mlar\u0131 i\u00e7in kullan\u0131c\u0131dan onay al\u0131nmaz.<\/td><\/tr><tr><td>\u0130\u015flevsel ve Analitik \u00c7erezler<\/td><td>\u00b7 Anket ve de\u011ferlendirme bilgileri ve \u00e7erezlerin kabul edip etmemeniz dahil her t\u00fcrl\u00fc tercihlerinizi ve davran\u0131\u015flar\u0131n\u0131z\u0131 hat\u0131rlamak, internet sitesinin etkin \u015fekilde kullan\u0131lmas\u0131, sitenin kullan\u0131c\u0131 isteklerine cevap verecek \u015fekilde optimize edilmesi ve ziyaret\u00e7ilerin siteyi nas\u0131l kulland\u0131\u011f\u0131 hakk\u0131nda verileri i\u00e7erir. Niteli\u011fi gere\u011fi bu t\u00fcrdeki \u00e7erezler kullan\u0131c\u0131 ad\u0131 ve benzeri ki\u015fisel bilgilerinizi i\u00e7erebilir. \u00b7 Ayr\u0131ca bu \u00e7erezler vas\u0131tas\u0131yla internet sitemizde veya mobil uygulamalar\u0131m\u0131zda yer alan video, film, dizi, yaz\u0131 ve di\u011fer sekmelerde yer alan i\u00e7eriklere ziyaretleriniz s\u0131ras\u0131nda; t\u0131klama s\u0131kl\u0131\u011f\u0131, ziyaret edilen sayfalara ili\u015fkin verilerinizi kullan\u0131m faaliyetlerinizi takip etmek i\u00e7in veya istatistiksel ama\u00e7larla kullanabiliriz. S\u00f6z konusu verileri 6698 say\u0131l\u0131 Ki\u015fisel Verilerin Korunmas\u0131 Kanunu kapsam\u0131nda sizi tan\u0131yabilmek, ihtiya\u00e7lar\u0131n\u0131za cevap verecek \u00fcr\u00fcn ve hizmetler sunmak i\u00e7in analiz ederiz. Bu verilerin saklanmas\u0131, korunmas\u0131 ve i\u015flenmesi&nbsp;SOYUT W\u0130ND \u00dcr\u00fcnleri Ki\u015fisel Verilerin \u0130\u015flenmesi ve Korunmas\u0131 Politikas\u0131\u2019na&nbsp;tabidir. &nbsp;<\/td><\/tr><tr><td>Ticari \u00c7erezler<\/td><td>\u00b7 \u0130lgi alanlar\u0131n\u0131z ve se\u00e7imleriniz do\u011frultusunda hedefledi\u011finiz \u00fcr\u00fcn\/i\u00e7eri\u011fe benzer nitelikli olanlar\u0131n sunulmas\u0131 ve daha geli\u015fmi\u015f, ki\u015fiselle\u015ftirilmi\u015f bir reklam portf\u00f6y\u00fc sunarak kullan\u0131m deneyiminizi art\u0131rmaya yarar.<\/td><\/tr><\/tbody><\/table><\/figure>\n\n\n\n<p style=\"font-size:16px\">\u00c7erezler \u00fczerinden toplad\u0131\u011f\u0131m\u0131z verileri kimli\u011finizi belirlemek amac\u0131yla kullanmay\u0131z. \u00c7erezler Ki\u015fisel Verilerin \u0130\u015flenmesi ve Korunmas\u0131 Politikas\u0131\u2019nda belirtilen ama\u00e7lar d\u0131\u015f\u0131nda kullan\u0131lmaz.<br>Kimlik (isim, soy isim, do\u011fum tarihi vb.) ve ileti\u015fim (adres, e-posta adresi, telefon, IP, konum vb.) bilgileriniz taraf\u0131m\u0131zca, \u00e7erezler (cookies) vas\u0131tas\u0131yla, otomatik veya otomatik olmayan y\u00f6ntemlerle ve bazen de analitik sa\u011flay\u0131c\u0131lar, reklam a\u011flar\u0131, arama bilgi sa\u011flay\u0131c\u0131lar\u0131, teknoloji sa\u011flay\u0131c\u0131lar\u0131 gibi \u00fc\u00e7\u00fcnc\u00fc taraflardan elde edilerek, kaydedilerek, depolanarak ve g\u00fcncellenerek, aram\u0131zdaki hizmet ve s\u00f6zle\u015fme ili\u015fkisi \u00e7er\u00e7evesinde ve s\u00fcresince, me\u015fru menfaat i\u015fleme \u015fart\u0131na dayan\u0131larak i\u015flenecektir.<\/p>\n\n\n\n<p class=\"has-medium-font-size\"><strong>\u00c7erez kullan\u0131m\u0131 zorunlu mudur?<\/strong><\/p>\n\n\n\n<p style=\"font-size:16px\">\u00c7erezleri kabul etmek, internet sitemizi kullanmak i\u00e7in zorunlu de\u011fildir ama size daha iyi bir kullan\u0131c\u0131 deneyimi sa\u011flar. Zorunlu \u00e7erezler d\u0131\u015f\u0131ndaki \u00e7erezleri silebilir veya engelleyebilirsiniz fakat bu halde internet sitemiz gerekti\u011fi gibi \u00e7al\u0131\u015fmayabilir.<br>Web sitemizde, \u015f\u00fcpheli eylemlerin tespiti yoluyla g\u00fcvenli\u011fin sa\u011flanmas\u0131, kullan\u0131c\u0131lar\u0131n tercihleri do\u011frultusunda i\u015flevsellik ve performans\u0131n art\u0131r\u0131lmas\u0131, \u00fcr\u00fcnlerin ve hizmetlerin geli\u015ftirilmesi ve ki\u015fiselle\u015ftirilmesi ile bu hizmetlere ula\u015f\u0131m\u0131n kolayla\u015ft\u0131r\u0131lmas\u0131, s\u00f6zle\u015fmesel ve hukuki sorumluluklar\u0131n yerine getirilmesi ama\u00e7l\u0131 \u00e7erezler kullanmaktad\u0131r. Ayr\u0131ca kullan\u0131c\u0131lar\u0131n daha geni\u015f kapsaml\u0131 hizmet sa\u011flay\u0131c\u0131lar ile bulu\u015fturulabilmesi amac\u0131yla reklam \u00e7erezleri ve \u00fc\u00e7\u00fcnc\u00fc taraflarla bilgi payla\u015f\u0131m\u0131 da s\u00f6z konusudur.<br>Yukar\u0131da da an\u0131ld\u0131\u011f\u0131 \u00fczere zorunlu \u00e7erezlerin kullan\u0131m\u0131 internet sitesi veya mobil uygulaman\u0131n \u00e7al\u0131\u015fmas\u0131 bak\u0131m\u0131ndan zorunlu olabilir. Bu nedenle taray\u0131c\u0131 ayarlar\u0131ndan engellendi\u011fi taktirde internet sitesi veya mobil uygulamalar\u0131n tamam\u0131 veya baz\u0131 b\u00f6l\u00fcmleri \u00e7al\u0131\u015fmayabilir.<\/p>\n\n\n\n<p class=\"has-medium-font-size\"><strong>\u00c7erezleri nas\u0131l kontrol ederim?<\/strong><\/p>\n\n\n\n<p style=\"font-size:16px\">\u00c7erezleri diledi\u011finizde silebilir ve\/veya engelleyebilirsiniz. Cihaz\u0131n\u0131zda halihaz\u0131rda mevcut olan \u00e7erezleri silebilir ve internet taray\u0131c\u0131n\u0131z\u0131 \u00e7erezleri engelleyebilecek \u015fekilde ayarlayabilirsiniz.<br>Taray\u0131c\u0131n\u0131zdaki &#8220;Yard\u0131m&#8221; fonksiyonunu kullanarak ilgili ayarlar\u0131n yerini bulabilirsiniz. Taray\u0131c\u0131n\u0131z\u0131 ayarlaman\u0131z halinde, internet sitemizi her ziyaret edi\u015finizde verdi\u011finiz bilgileri tekrar girmeniz gerekir ve internet sitesinde yer alan baz\u0131 hizmetler gerekti\u011fi gibi \u00e7al\u0131\u015fmayabilir.<\/p>\n\n\n\n<p class=\"has-medium-font-size\"><strong>Cookie uyar\u0131s\u0131<\/strong><\/p>\n\n\n\n<p style=\"font-size:16px\">Bu web sitesi, siteyi ve deneyiminizi iyile\u015ftirmek amac\u0131yla cookie kullanmak istemektedir. Sitede gezinmeye devam ederek cookie kullan\u0131lmas\u0131na izin vermi\u015f olmaktas\u0131n\u0131z. E\u011fer daha fazla bilgiye gerek duyuyor ve\/veya cookie kaydedilmesini istemiyorsan\u0131z Cookieler hakk\u0131nda detayl\u0131 bilgilerin yer ald\u0131\u011f\u0131 <a href=\"http:\/\/www.aboutcookies.org\/\" target=\"_blank\" rel=\"noopener\">http:\/\/www.aboutcookies.org\/<\/a> sayfas\u0131n\u0131 ziyaret ediniz.<\/p>","protected":false},"excerpt":{"rendered":"<p>\u00c7EREZ (COOKIE) POL\u0130T\u0130KASI Bu \u00c7erez Politikas\u0131 (Bundan sonra &#8220;Politika\u201d olarak an\u0131lacakt\u0131r.); SOYUT W\u0130ND R\u00dcZGAR T\u00dcRB\u0130NLER\u0130 \u00dcRET\u0130M M\u00dcHEND\u0130SL\u0130K ENERJ\u0130 \u0130N\u015eAAT ANON\u0130M<\/p>","protected":false},"author":2,"featured_media":0,"parent":0,"menu_order":0,"comment_status":"closed","ping_status":"open","template":"","meta":{"footnotes":""},"class_list":["post-20701","page","type-page","status-publish","hentry"],"_links":{"self":[{"href":"https:\/\/soyutwind.com\/en\/wp-json\/wp\/v2\/pages\/20701","targetHints":{"allow":["GET"]}}],"collection":[{"href":"https:\/\/soyutwind.com\/en\/wp-json\/wp\/v2\/pages"}],"about":[{"href":"https:\/\/soyutwind.com\/en\/wp-json\/wp\/v2\/types\/page"}],"author":[{"embeddable":true,"href":"https:\/\/soyutwind.com\/en\/wp-json\/wp\/v2\/users\/2"}],"replies":[{"embeddable":true,"href":"https:\/\/soyutwind.com\/en\/wp-json\/wp\/v2\/comments?post=20701"}],"version-history":[{"count":0,"href":"https:\/\/soyutwind.com\/en\/wp-json\/wp\/v2\/pages\/20701\/revisions"}],"wp:attachment":[{"href":"https:\/\/soyutwind.com\/en\/wp-json\/wp\/v2\/media?parent=20701"}],"curies":[{"name":"wp","href":"https:\/\/api.w.org\/{rel}","templated":true}]}}