{"id":20711,"date":"2024-08-23T14:38:49","date_gmt":"2024-08-23T11:38:49","guid":{"rendered":"https:\/\/soyutwind.com\/?page_id=20711"},"modified":"2024-08-23T14:38:50","modified_gmt":"2024-08-23T11:38:50","slug":"uyelik-sozlesmesi","status":"publish","type":"page","link":"https:\/\/soyutwind.com\/en\/uyelik-sozlesmesi\/","title":{"rendered":"Membership Agreement"},"content":{"rendered":"<p class=\"has-medium-font-size\"><strong>\u00dcYEL\u0130K S\u00d6ZLE\u015eMES\u0130<\/strong><\/p>\n\n\n\n<p style=\"font-size:16px\">Bu al\u0131\u015fveri\u015f sitesini kullanan ve al\u0131\u015fveri\u015f yapan m\u00fc\u015fterilerimiz a\u015fa\u011f\u0131daki \u015fartlar\u0131 kabul etmi\u015f varsay\u0131lmaktad\u0131r:<\/p>\n\n\n\n<ol class=\"wp-block-list\">\n<li style=\"font-size:16px\"><strong>TARAFLAR<\/strong><br><br>1.1. soyutwind.com internet sitesindeki web sayfalar\u0131 ve ona ba\u011fl\u0131 t\u00fcm sayfalar\u0131n (bundan sonra \u201csite\u201d olarak an\u0131lacakt\u0131r) faaliyetlerini y\u00fcr\u00fcten Cumhuriyet Mahallesi E90 Karayolu Kenar\u0131 K\u00fcme Evleri No:24 Sincan\/ANKARA adresinde mukim SOYUT W\u0130ND R\u00dcZGAR T\u00dcRB\u0130NLER\u0130 \u00dcRET\u0130M M\u00dcHEND\u0130SL\u0130K ENERJ\u0130 \u0130N\u015eAAT ANON\u0130M \u015e\u0130RKET\u0130 (Bundan sonra \u201dSOYUT W\u0130ND\/Firma\u201d olarak an\u0131lacakt\u0131r)<br>1.2. soyutwind.com internet sitesine \u00fcye olan internet kullan\u0131c\u0131s\u0131 (Bundan sonra \u201ckullan\u0131c\u0131\/\u00fcye\u201d olarak an\u0131lacakt\u0131r)<br><\/li>\n\n\n\n<li style=\"font-size:16px\"><strong>S\u00d6ZLE\u015eME KONUSU<\/strong><br><strong><br><\/strong>2.1. \u0130\u015fbu S\u00f6zle\u015fme\u2019nin konusu, Firma\u2019n\u0131n sahip oldu\u011fu internet sitesi soyutwind.com\u2019dan \u00fcyenin faydalanma \u015fartlar\u0131n\u0131n belirlenmesidir.<br>2.2. Sitemizdeki web sayfalar\u0131 ve ona ba\u011fl\u0131 t\u00fcm sayfalar SOYUT W\u0130ND\u2019e aittir ve onun taraf\u0131ndan i\u015fletilir. Siz kullan\u0131c\u0131lar\u0131n sitede sunulan t\u00fcm hizmetleri kullan\u0131rken a\u015fa\u011f\u0131daki \u015fartlara tabi oldu\u011funuzu, sitedeki hizmetten yararlanmakla ve kullanmaya devam etmekle; ba\u011fl\u0131 oldu\u011funuz yasalara g\u00f6re s\u00f6zle\u015fme imzalama hakk\u0131na, yetkisine ve hukuki ehliyetine sahip ve 18 ya\u015f\u0131n \u00fczerinde oldu\u011funuzu, bu s\u00f6zle\u015fmeyi okudu\u011funuzu, anlad\u0131\u011f\u0131n\u0131z\u0131 ve s\u00f6zle\u015fmede yazan \u015fartlarla ba\u011fl\u0131 oldu\u011funuzu kabul etmi\u015f say\u0131l\u0131rs\u0131n\u0131z.<br>2.3. \u0130\u015fbu s\u00f6zle\u015fme s\u00fcresiz olmakla, taraflara s\u00f6zle\u015fme konusu site ile ilgili hak ve y\u00fck\u00fcml\u00fcl\u00fckler y\u00fckler ve taraflar i\u015fbu s\u00f6zle\u015fmeyi online veya yaz\u0131k olarak kabul ettiklerinde\/onaylad\u0131klar\u0131nda bahsi ge\u00e7en hak ve y\u00fck\u00fcml\u00fcl\u00fckleri eksiksiz, do\u011fru, zaman\u0131nda, i\u015fbu s\u00f6zle\u015fmede talep edilen \u015fartlar d\u00e2hilinde yerine getireceklerini beyan ve taahh\u00fct ederler.<br><\/li>\n\n\n\n<li style=\"font-size:16px\"><strong>TARAFLARIN HAK VE Y\u00dcK\u00dcML\u00dcL\u00dcKLER\u0130<\/strong><br><strong><br><\/strong>3.1. \u00dcye, siteye \u00fcye olurken verdi\u011fi ki\u015fisel ve di\u011fer sair bilgilerin kanunlar \u00f6n\u00fcnde do\u011fru oldu\u011funu, SOYUT W\u0130ND\u2019in bu bilgilerin ger\u00e7e\u011fe ayk\u0131r\u0131l\u0131\u011f\u0131 nedeniyle u\u011frayaca\u011f\u0131 t\u00fcm zararlar\u0131 aynen ve derhal tazmin edece\u011fini beyan ve taahh\u00fct eder. i\u015fbu s\u00f6zle\u015fmenin \u00dcye taraf\u0131ndan ihlali halinde, firman\u0131n tek tarafl\u0131 olarak herhangi bir ihbara ve ihtara ihtiya\u00e7 duymaks\u0131z\u0131n \u00fcyeli\u011fini sona erebilece\u011fini kabul eder.<br>3.2. \u00dcye, SOYUT W\u0130ND taraf\u0131ndan kendisine verilmi\u015f olan \u015fifreyi ba\u015fka ki\u015fi ya da kurulu\u015flara veremez, \u00fcyenin s\u00f6z konusu \u015fifreyi kullanma hakk\u0131 bizzat kendisine aittir. Bu sebeple do\u011fabilecek t\u00fcm sorumluluk ile \u00fc\u00e7\u00fcnc\u00fc ki\u015filer veya yetkili merciler taraf\u0131ndan SOYUT W\u0130ND \u2018e kar\u015f\u0131 ileri s\u00fcr\u00fclebilecek t\u00fcm iddia ve taleplere kar\u015f\u0131, SOYUT W\u0130ND\u2019in s\u00f6z konusu izinsiz kullan\u0131mdan kaynaklanan her t\u00fcrl\u00fc tazminat ve sair talep hakk\u0131 sakl\u0131d\u0131r.<br>3.3. \u00dcye, siteyi kullan\u0131rken yasal mevzuat h\u00fck\u00fcmlerine riayet etmeyi ve bunlar\u0131 ihlal etmemeyi ba\u015ftan kabul ve taahh\u00fct eder. Aksi takdirde, do\u011facak t\u00fcm hukuki ve cezai y\u00fck\u00fcml\u00fcl\u00fckler tamamen ve m\u00fcnhas\u0131ran \u00fcyeyi ba\u011flayacakt\u0131r.<br>3.4. \u00dcye, siteyi hi\u00e7bir \u015fekilde kamu d\u00fczenini bozucu, genel ahlaka ayk\u0131r\u0131, ba\u015fkalar\u0131n\u0131 rahats\u0131z ve taciz edici \u015fekilde, yasalara ayk\u0131r\u0131 bir ama\u00e7 i\u00e7in, ba\u015fkalar\u0131n\u0131n fikri ve telif haklar\u0131na tecav\u00fcz edecek \u015fekilde kullanamaz. Ayr\u0131ca, \u00fcye ba\u015fkalar\u0131n\u0131n hizmetleri kullanmas\u0131n\u0131 \u00f6nleyici veya zorla\u015ft\u0131r\u0131c\u0131 faaliyet (spam, virus, truva at\u0131, vb.) ve i\u015flemlerde bulunamaz.<br>3.5. Sitede \u00fcyeler taraf\u0131ndan beyan edilen, yaz\u0131lan, kullan\u0131lan fikir ve d\u00fc\u015f\u00fcnceler, tamamen \u00fcyelerin kendi ki\u015fisel g\u00f6r\u00fc\u015fleridir ve g\u00f6r\u00fc\u015f sahibini ba\u011flar. Bu g\u00f6r\u00fc\u015f ve d\u00fc\u015f\u00fcncelerin SOYUT W\u0130ND ile hi\u00e7bir ilgi ve ba\u011flant\u0131s\u0131 yoktur. SOYUT W\u0130ND \u2018in \u00fcyenin beyan edece\u011fi fikir ve g\u00f6r\u00fc\u015fler nedeniyle \u00fc\u00e7\u00fcnc\u00fc ki\u015filerin u\u011frayabilece\u011fi zararlardan ve \u00fc\u00e7\u00fcnc\u00fc ki\u015filerin beyan edece\u011fi fikir ve g\u00f6r\u00fc\u015fler nedeniyle \u00fcyenin u\u011frayabilece\u011fi zararlardan dolay\u0131 herhangi bir sorumlulu\u011fu bulunmamaktad\u0131r.<br>3.6. \u00dcye, di\u011fer internet kullan\u0131c\u0131lar\u0131n\u0131n yaz\u0131l\u0131mlar\u0131na ve verilerine izinsiz olarak ula\u015fmamay\u0131 veya bunlar\u0131 kullanmamay\u0131 kabul etmi\u015ftir. Aksi takdirde, bundan do\u011facak hukuki ve cezai sorumluluklar tamamen \u00fcyeye aittir.<br>3.7. \u0130\u015fbu \u00fcyelik s\u00f6zle\u015fmesi i\u00e7erisinde say\u0131lan maddelerden bir ya da birka\u00e7\u0131n\u0131 ihlal eden \u00fcye i\u015fbu ihlal nedeniyle cezai ve hukuki olarak \u015fahsen sorumlu olup, SOYUT W\u0130ND\u2019i bu ihlallerin hukuki ve cezai sonu\u00e7lar\u0131ndan ari tutacakt\u0131r. Ayr\u0131ca; i\u015fbu ihlal nedeniyle, olay\u0131n hukuk alan\u0131na intikal ettirilmesi halinde, SOYUT W\u0130ND\u2019in \u00fcyeye kar\u015f\u0131 \u00fcyelik s\u00f6zle\u015fmesine uyulmamas\u0131ndan dolay\u0131 tazminat talebinde bulunma hakk\u0131 sakl\u0131d\u0131r.<br>3.8. SOYUT W\u0130ND taraf\u0131ndan internet sitesinin iyile\u015ftirilmesi, geli\u015ftirilmesine y\u00f6nelik olarak ve\/veya yasal mevzuat \u00e7er\u00e7evesinde siteye eri\u015fmek i\u00e7in kullan\u0131lan Internet servis sa\u011flay\u0131c\u0131s\u0131n\u0131n ad\u0131 ve Internet Protokol (IP) adresi, Siteye eri\u015filen tarih ve saat, sitede bulunulan s\u0131rada eri\u015filen sayfalar ve siteye do\u011frudan ba\u011flan\u0131lmas\u0131n\u0131 sa\u011flayan Web sitesinin Internet adresi gibi birtak\u0131m bilgiler toplanabilir. Kullan\u0131c\u0131, bu bilgilerin toplanmas\u0131n\u0131 kabul eder.<br>3.9. Sitenin yaz\u0131l\u0131m ve tasar\u0131m\u0131 SOYUT W\u0130ND\u2019in m\u00fclkiyetinde olup, bunlara ili\u015fkin telif hakk\u0131 ve\/veya di\u011fer fikri m\u00fclkiyet haklar\u0131 ilgili kanunlarca korunmakta olup, bunlar \u00fcye taraf\u0131ndan izinsiz kullan\u0131lamaz, iktisap edilemez ve de\u011fi\u015ftirilemez. Bu web sitesinde ad\u0131 ge\u00e7en ba\u015fkaca \u015firketler ve \u00fcr\u00fcnleri sahiplerinin ticari markalar\u0131d\u0131r ve ayr\u0131ca fikri m\u00fclkiyet haklar\u0131 kapsam\u0131nda korunmaktad\u0131r.<br>3.10. SOYUT W\u0130ND, \u00fcyelik s\u00f6zle\u015fmesinin ko\u015fullar\u0131n\u0131 hi\u00e7bir \u015fekil ve surette \u00f6n ihbara ve\/veya ihtara gerek kalmaks\u0131z\u0131n her zaman de\u011fi\u015ftirebilir, g\u00fcncelleyebilir veya iptal edebilir. De\u011fi\u015ftirilen, g\u00fcncellenen ya da y\u00fcr\u00fcrl\u00fckten kald\u0131r\u0131lan her h\u00fck\u00fcm, yay\u0131n tarihinde t\u00fcm \u00fcyeler bak\u0131m\u0131ndan h\u00fck\u00fcm ifade edecektir.<br>3.11. Taraflar, SOYUT W\u0130ND\u2019e ait t\u00fcm bilgisayar kay\u0131tlar\u0131n\u0131n tek ve ger\u00e7ek m\u00fcnhas\u0131r delil olarak, Hukuk Muhakemeleri Kanunu&#8217;nun 193. Maddeye uygun \u015fekilde esas al\u0131naca\u011f\u0131n\u0131 ve s\u00f6z konusu kay\u0131tlar\u0131n bir delil s\u00f6zle\u015fmesi te\u015fkil etti\u011fi hususunu kabul ve beyan eder.<br>3.12. SOYUT W\u0130ND i\u015fbu \u00fcyelik s\u00f6zle\u015fmesi uyar\u0131nca, \u00fcyelerinin kendisinde kay\u0131tl\u0131 elektronik posta adreslerine bilgilendirme mailleri ve cep telefonlar\u0131na bilgilendirme SMS\u2019leri g\u00f6nderme yetkisine sahip olmakla beraber; \u00fcye, i\u015fbu \u00fcyelik s\u00f6zle\u015fmesini onaylamas\u0131yla beraber bilgilendirme maillerinin elektronik posta adresine ve bilgilendirme SMS\u2019lerinin cep telefonuna g\u00f6nderilmesini kabul etmi\u015f say\u0131lacakt\u0131r.<br><\/li>\n\n\n\n<li style=\"font-size:16px\"><strong>F\u0130KR\u0130 M\u00dcLK\u0130YET HAKLARI<\/strong><br><strong><br><\/strong>4.1. \u0130\u015fbu Site\u2019de yer alan \u00fcnvan, i\u015fletme ad\u0131, marka, patent, logo, tasar\u0131m, bilgi ve y\u00f6ntem gibi tescilli veya tescilsiz t\u00fcm fikri m\u00fclkiyet haklar\u0131 site i\u015fleteni ve sahibi firmaya veya belirtilen ilgilisine ait olup, ulusal ve uluslararas\u0131 hukukun korumas\u0131 alt\u0131ndad\u0131r. \u0130\u015fbu Site\u2019nin ziyaret edilmesi veya bu Site\u2019deki hizmetlerden yararlan\u0131lmas\u0131 s\u00f6z konusu fikri m\u00fclkiyet haklar\u0131 konusunda hi\u00e7bir hak vermez.<br>4.2. Site\u2019de yer alan bilgiler hi\u00e7bir \u015fekilde \u00e7o\u011falt\u0131lamaz, yay\u0131nlanamaz, kopyalanamaz, sunulamaz ve\/veya aktar\u0131lamaz. Site\u2019nin b\u00fct\u00fcn\u00fc veya bir k\u0131sm\u0131 di\u011fer bir internet sitesinde izinsiz olarak kullan\u0131lamaz. B\u00f6yle bir ihlal durumunda, kullan\u0131c\u0131, \u00fc\u00e7\u00fcnc\u00fc ki\u015filerin u\u011frad\u0131klar\u0131 zararlardan dolay\u0131 firmadan talep edilen tazminat miktar\u0131n\u0131 ve mahkeme masraflar\u0131 ve avukatl\u0131k \u00fccreti de dahil ancak bununla s\u0131n\u0131rl\u0131 olmamak \u00fczere di\u011fer her t\u00fcrl\u00fc y\u00fck\u00fcml\u00fcl\u00fckleri kar\u015f\u0131lamakla sorumlu olacaklard\u0131r.<br><\/li>\n\n\n\n<li style=\"font-size:16px\"><strong>G\u0130ZL\u0130 B\u0130LG\u0130<\/strong><br><strong><br><\/strong>5.1. Firma, site \u00fczerinden kullan\u0131c\u0131lar\u0131n iletti\u011fi ki\u015fisel bilgileri 3. Ki\u015filere a\u00e7\u0131klamayacakt\u0131r. Bu ki\u015fisel bilgiler; ki\u015fi ad\u0131-soyad\u0131, adresi, telefon numaras\u0131, cep telefonu, e-posta adresi gibi Kullan\u0131c\u0131\u2019y\u0131 tan\u0131mlamaya y\u00f6nelik her t\u00fcrl\u00fc di\u011fer bilgiyi i\u00e7ermekte olup, k\u0131saca \u2018Gizli Bilgiler\u2019 olarak an\u0131lacakt\u0131r.<br>5.2. Kullan\u0131c\u0131, tan\u0131t\u0131m, reklam, kampanya, promosyon, duyuru vb. pazarlama faaliyetleri kapsam\u0131nda kullan\u0131lmas\u0131 ile s\u0131n\u0131rl\u0131 olmak \u00fczere, Site\u2019nin sahibi olan firman\u0131n kendisine ait ileti\u015fim, portf\u00f6y durumu ve demografik bilgilerini i\u015ftirakleri ya da ba\u011fl\u0131 bulundu\u011fu grup \u015firketleri ile payla\u015fmas\u0131na, kendisi veya i\u015ftiraklerine y\u00f6nelik bu ba\u011flamda elektronik ileti almaya onay verdi\u011fini kabul ve beyan eder. Bu ki\u015fisel bilgilerfirma b\u00fcnyesindem\u00fc\u015fteri profili belirlemek, m\u00fc\u015fteri profiline uygun promosyon ve kampanyalar sunmak ve istatistiksel \u00e7al\u0131\u015fmalar yapmak amac\u0131yla kullan\u0131labilecektir.<br>5.3. Kullan\u0131c\u0131, i\u015fbu s\u00f6zle\u015fme ile vermi\u015f oldu\u011fu onay\u0131, hi\u00e7bir gerek\u00e7e a\u00e7\u0131klamaks\u0131z\u0131n iptal etmek hakk\u0131n\u0131 sahiptir. \u0130ptal i\u015flemini firma, derhal i\u015fleme al\u0131p, 7 (yedi) i\u015fg\u00fcn\u00fc i\u00e7erisinde kullan\u0131c\u0131y\u0131 elektronik ileti almaktan imtina eder.<br>5.4. Gizli Bilgiler, ancak resmi makamlarca usul\u00fc dairesinde bu bilgilerin talep edilmesi halinde ve y\u00fcr\u00fcrl\u00fckteki emredici mevzuat h\u00fck\u00fcmleri gere\u011fince resmi makamlara a\u00e7\u0131klama yap\u0131lmas\u0131n\u0131n zorunlu oldu\u011fu durumlarda resmi makamlara a\u00e7\u0131klanabilecektir.<br><\/li>\n\n\n\n<li style=\"font-size:16px\"><strong>GARANT\u0130 VERMEME:<\/strong><\/li>\n<\/ol>\n\n\n\n<p class=\"has-text-align-left\">\u0130\u015eBU S\u00d6ZLE\u015eME MADDES\u0130 UYGULANAB\u0130L\u0130R KANUNUN \u0130Z\u0130N VERD\u0130\u011e\u0130 AZAM\u0130 \u00d6L\u00c7\u00dcDE GE\u00c7ERL\u0130      OLACAKTIR. F\u0130RMA TARAFINDAN SUNULAN H\u0130ZMETLER &#8220;OLDU\u011eU G\u0130B\u0130\u201d VE &#8220;M\u00dcMK\u00dcN OLDU\u011eU\u201d TEMELDE       SUNULMAKTA VE PAZARLANAB\u0130L\u0130RL\u0130K, BEL\u0130RL\u0130 B\u0130R AMACA UYGUNLUK VEYA \u0130HLAL ETMEME KONUSUNDA T\u00dcM ZIMN\u0130 GARANT\u0130LER DE D\u00c2H\u0130L OLMAK \u00dcZERE H\u0130ZMETLER VEYA UYGULAMA \u0130LE \u0130LG\u0130L\u0130 OLARAK (BUNLARDA YER ALAN T\u00dcM B\u0130LG\u0130LER D\u00c2H\u0130L) SAR\u0130H VEYA ZIMN\u0130, KANUN\u0130 VEYA BA\u015eKA B\u0130R N\u0130TEL\u0130KTE H\u0130\u00c7B\u0130R GARANT\u0130DE BULUNMAMAKTADIR.<\/p>\n\n\n\n<ol start=\"7\" class=\"wp-block-list\">\n<li><strong>KAYIT VE G\u00dcVENL\u0130K<\/strong><br><strong><br><\/strong>7.1. Kullan\u0131c\u0131, do\u011fru, eksiksiz ve g\u00fcncel kay\u0131t bilgilerini vermek zorundad\u0131r. Aksi halde bu S\u00f6zle\u015fme ihlal edilmi\u015f say\u0131lacak ve Kullan\u0131c\u0131 bilgilendirilmeksizin hesap kapat\u0131labilecektir.<br>7.2. Kullan\u0131c\u0131, site ve \u00fc\u00e7\u00fcnc\u00fc taraf sitelerdeki \u015fifre ve hesap g\u00fcvenli\u011finden kendisi sorumludur. Aksi halde olu\u015facak veri kay\u0131plar\u0131ndan ve g\u00fcvenlik ihlallerinden veya donan\u0131m ve cihazlar\u0131n zarar g\u00f6rmesinden Firma sorumlu tutulamaz.<br><\/li>\n\n\n\n<li><strong>M\u00dcCB\u0130R SEBEP<\/strong><br><strong><br><\/strong>8.1. Taraflar\u0131n kontrol\u00fcnde olmayan; tabii afetler, yang\u0131n, patlamalar, i\u00e7 sava\u015flar, sava\u015flar, ayaklanmalar, halk hareketleri, seferberlik ilan\u0131, grev, lokavt ve salg\u0131n hastal\u0131klar, altyap\u0131 ve internet ar\u0131zalar\u0131, elektrik kesintisi gibi sebeplerden (a\u015fa\u011f\u0131da birlikte &#8220;M\u00fccbir Sebep\u201d olarak an\u0131lacakt\u0131r.) dolay\u0131 S\u00f6zle\u015fme\u2019den do\u011fan y\u00fck\u00fcml\u00fcl\u00fckler taraflarca ifa edilemez hale gelirse, taraflar bundan sorumlu de\u011fildir.<br>8.2. Bu s\u00fcrede Taraflar\u2019\u0131n i\u015fbu S\u00f6zle\u015fme\u2019den do\u011fan hak ve y\u00fck\u00fcml\u00fcl\u00fckleri ask\u0131ya al\u0131n\u0131r.<br><\/li>\n\n\n\n<li><strong>S\u00d6ZLE\u015eMEDE YAPILACAK DE\u011e\u0130\u015e\u0130KL\u0130KLER<\/strong><br><strong><br><\/strong>9.1. Firma, diledi\u011fi zaman sitede sunulan hizmetleri ve i\u015fbu s\u00f6zle\u015fme \u015fartlar\u0131n\u0131 k\u0131smen veya tamamen de\u011fi\u015ftirebilir. De\u011fi\u015fiklikler sitede yay\u0131nland\u0131\u011f\u0131 tarihten itibaren ge\u00e7erli olacakt\u0131r. De\u011fi\u015fiklikleri takip etmek Kullan\u0131c\u0131\u2019n\u0131n sorumlulu\u011fundad\u0131r.<br>9.2. Kullan\u0131c\u0131, sunulan hizmetlerden yararlanmaya devam etmekle bu de\u011fi\u015fiklikleri de kabul etmi\u015f say\u0131l\u0131r.<br><\/li>\n\n\n\n<li><strong>TEBL\u0130GAT<\/strong><\/li>\n<\/ol>\n\n\n\n<p>\u0130\u015fbu S\u00f6zle\u015fme ile ilgili taraflara g\u00f6nderilecek olan t\u00fcm bildirimler, Firma\u2019n\u0131n e-posta adresi ve kullan\u0131c\u0131n\u0131n \u00fcyelik formunda belirtti\u011fi e-posta adresi vas\u0131tas\u0131yla yap\u0131lacakt\u0131r. Kullan\u0131c\u0131, \u00fcye olurken belirtti\u011fi adresin ge\u00e7erli tebligat adresi oldu\u011funu, de\u011fi\u015fmesi durumunda 5 g\u00fcn i\u00e7inde yaz\u0131l\u0131 olarak di\u011fer tarafa bildirece\u011fini, aksi halde bu adrese yap\u0131lacak tebligatlar\u0131n ge\u00e7erli say\u0131laca\u011f\u0131n\u0131 kabul eder.<\/p>\n\n\n\n<ol start=\"11\" class=\"wp-block-list\">\n<li><strong>DEL\u0130L S\u00d6ZLE\u015eMES\u0130<\/strong><\/li>\n<\/ol>\n\n\n\n<p>Taraflar aras\u0131nda i\u015fbu s\u00f6zle\u015fme ile ilgili i\u015flemler i\u00e7in \u00e7\u0131kabilecek her t\u00fcrl\u00fc uyu\u015fmazl\u0131klarda Taraflar\u2019\u0131n defter, kay\u0131t ve belgeleri ile ve bilgisayar kay\u0131tlar\u0131 ve faks kay\u0131tlar\u0131 6100 say\u0131l\u0131 Hukuk Muhakemeleri Kanunu 193.madde uyar\u0131nca delil olarak kabul edilecek olup, kullan\u0131c\u0131 bu kay\u0131tlara itiraz etmeyece\u011fini kabul eder.<\/p>\n\n\n\n<ol start=\"12\" class=\"wp-block-list\">\n<li><strong>UYU\u015eMAZLIKLARIN \u00c7\u00d6Z\u00dcM\u00dc<\/strong><\/li>\n<\/ol>\n\n\n\n<p>\u0130\u015fbu S\u00f6zle\u015fme\u2019nin uygulanmas\u0131ndan veya yorumlanmas\u0131ndan do\u011facak her t\u00fcrl\u00fc uyu\u015fmazl\u0131\u011f\u0131n \u00e7\u00f6z\u00fcm\u00fcnde Ankara (Merkez) Adliyesi Mahkemeleri ve \u0130cra Daireleri yetkilidir.<\/p>\n\n\n\n<ol start=\"13\" class=\"wp-block-list\">\n<li><strong>Y\u00dcR\u00dcRL\u00dcK<\/strong><\/li>\n<\/ol>\n\n\n\n<p style=\"font-size:16px\">\u0130\u015fbu 13(on\u00fc\u00e7) maddeden ibaret S\u00f6zle\u015fme, kullan\u0131c\u0131 taraf\u0131ndan \u00fcyelik kayd\u0131 yap\u0131lmas\u0131 ile akdedilmi\u015f ve y\u00fcr\u00fcrl\u00fc\u011fe girmi\u015ftir<\/p>","protected":false},"excerpt":{"rendered":"<p>\u00dcYEL\u0130K S\u00d6ZLE\u015eMES\u0130 Bu al\u0131\u015fveri\u015f sitesini kullanan ve al\u0131\u015fveri\u015f yapan m\u00fc\u015fterilerimiz a\u015fa\u011f\u0131daki \u015fartlar\u0131 kabul etmi\u015f varsay\u0131lmaktad\u0131r: \u0130\u015eBU S\u00d6ZLE\u015eME MADDES\u0130 UYGULANAB\u0130L\u0130R KANUNUN<\/p>","protected":false},"author":2,"featured_media":0,"parent":0,"menu_order":0,"comment_status":"closed","ping_status":"open","template":"","meta":{"footnotes":""},"class_list":["post-20711","page","type-page","status-publish","hentry"],"_links":{"self":[{"href":"https:\/\/soyutwind.com\/en\/wp-json\/wp\/v2\/pages\/20711","targetHints":{"allow":["GET"]}}],"collection":[{"href":"https:\/\/soyutwind.com\/en\/wp-json\/wp\/v2\/pages"}],"about":[{"href":"https:\/\/soyutwind.com\/en\/wp-json\/wp\/v2\/types\/page"}],"author":[{"embeddable":true,"href":"https:\/\/soyutwind.com\/en\/wp-json\/wp\/v2\/users\/2"}],"replies":[{"embeddable":true,"href":"https:\/\/soyutwind.com\/en\/wp-json\/wp\/v2\/comments?post=20711"}],"version-history":[{"count":0,"href":"https:\/\/soyutwind.com\/en\/wp-json\/wp\/v2\/pages\/20711\/revisions"}],"wp:attachment":[{"href":"https:\/\/soyutwind.com\/en\/wp-json\/wp\/v2\/media?parent=20711"}],"curies":[{"name":"wp","href":"https:\/\/api.w.org\/{rel}","templated":true}]}}