{"id":20716,"date":"2024-08-23T15:12:58","date_gmt":"2024-08-23T12:12:58","guid":{"rendered":"https:\/\/soyutwind.com\/?page_id=20716"},"modified":"2024-09-17T13:05:12","modified_gmt":"2024-09-17T10:05:12","slug":"kisisel-verilerin-korunmasi","status":"publish","type":"page","link":"https:\/\/soyutwind.com\/en\/kisisel-verilerin-korunmasi\/","title":{"rendered":"Personal Data Protection"},"content":{"rendered":"<p class=\"has-medium-font-size\"><strong>\u00dcye ve Ziyaret\u00e7i Ki\u015fisel Verilerin Korunmas\u0131 Ayd\u0131nlatma Metni<\/strong><\/p>\n\n\n\n<p class=\"has-medium-font-size\"><strong>6698 SAYILI K\u0130\u015e\u0130SEL VER\u0130LER\u0130N KORUNMASI KANUNU USUL VE ESASLARI UYARINCA K\u0130\u015e\u0130SEL VER\u0130LER\u0130N\u0130Z\u0130N KORUNMASI HAKKINDA AYDINLATMA METN\u0130<\/strong><\/p>\n\n\n\n<p style=\"font-size:16px\">Say\u0131n M\u00fc\u015fterilerimiz, Potansiyel M\u00fc\u015fterilerimiz ve Web Sitesi Ziyaret\u00e7ilerimiz, SOYUT W\u0130ND R\u00dcZGAR T\u00dcRB\u0130NLER\u0130 \u00dcRET\u0130M M\u00dcHEND\u0130SL\u0130K ENERJ\u0130 \u0130N\u015eAAT ANON\u0130M \u015e\u0130RKET\u0130 (Bundan sonra \u201cSOYUT W\u0130ND\u201d OLARAK ANILACAKTIR.) olarak ki\u015fisel verilerinizin hukuka uygun olarak toplanmas\u0131, saklanmas\u0131 ve payla\u015f\u0131lmas\u0131n\u0131 sa\u011flamak ve gizlili\u011finizi korumak amac\u0131yla m\u00fcmk\u00fcn olan en \u00fcst seviyede g\u00fcvenlik tedbirlerini almaktad\u0131r. Bu kapsamda 6698 say\u0131l\u0131 Ki\u015fisel Verilerin Korunmas\u0131 Kanunu (&#8220;KVKK\u201d) uyar\u0131nca ve sizlerin memnuniyeti do\u011frultusunda, ki\u015fisel verilerinizin al\u0131nma \u015fekilleri, i\u015flenme ama\u00e7lar\u0131, payla\u015f\u0131lan ki\u015filer, hukuki nedenleri ve haklar\u0131n\u0131z konular\u0131nda sizi en \u015feffaf \u015fekilde bilgilendirmektir.<\/p>\n\n\n\n<p class=\"has-medium-font-size\"><strong><u>VER\u0130 SORUMLUSU<\/u><\/strong><\/p>\n\n\n\n<p>6698 say\u0131l\u0131 Ki\u015fisel Verilerin Korunmas\u0131 Kanunu (\u201c6698 say\u0131l\u0131 Kanun\u201d) uyar\u0131nca, ki\u015fisel verileriniz; veri sorumlusu olarak SOYUT W\u0130ND taraf\u0131ndan a\u015fa\u011f\u0131da a\u00e7\u0131klanan kapsamda toplanacak ve i\u015flenebilecektir.<\/p>\n\n\n\n<p class=\"has-medium-font-size\"><strong><u>\u0130\u015eLENEN K\u0130\u015e\u0130SEL VER\u0130LER\u0130N\u0130Z<\/u><\/strong><\/p>\n\n\n\n<p>Kimlik bilgileriniz (Ad Soyad, Do\u011fum tarihi, TC Kimlik No)<br><br>\u0130leti\u015fim bilgileriniz (Adres, e-posta adresi, telefon numaras\u0131)<br><br>Site\u2019yi kullan\u0131mlar\u0131n\u0131za ili\u015fkin detaylar (Sitedeki davran\u0131\u015flar\u0131n\u0131z, i\u015flemleriniz, tercihleriniz, ziyaret edilen \u00fcr\u00fcnler vs.)<br><br>Size \u00f6zel tahsis edilmi\u015f Kullan\u0131c\u0131 Ad\u0131 ve \u015eifreniz<br><br>\u015eirket bilginiz ( \u015eirket ad\u0131, telefonu, adresi)<br><br>\u2026\u2026\u2026S\u00f6zle\u015fmesinin Kurulmas\u0131 ile beraber;<br><br>Kimlik bilgileriniz (Ad Soyad, Do\u011fum tarihi, TC Kimlik No)<br><br>\u0130leti\u015fim bilgileriniz (Adres, e-posta adresi, telefon numaras\u0131<br><br>Fatura talep etmeniz halinde ve\/veya bizimle payla\u015fman\u0131z halinde (Tc Kimlik No, Vergi Kimlik No)<br><br>Kredi kart\u0131 ile \u00f6deme yapman\u0131z halinde \u00d6deme Kurulu\u015funa g\u00f6nderilmek \u00fczere i\u015flenmesi halinde ve\/veya \u00f6deme Y\u00f6ntemi olarak Havale Se\u00e7ilmesi halinde Banka Iban ve Kulland\u0131\u011f\u0131n\u0131z Bankaya ili\u015fkin bilgiler,<\/p>\n\n\n\n<p class=\"has-medium-font-size\"><strong><u>Kullan\u0131c\u0131 Olman\u0131z Halinde<\/u><\/strong><\/p>\n\n\n\n<p>Size \u00f6zel tahsis edilmi\u015f Kullan\u0131c\u0131 Ad\u0131 ve \u015eifreniz<br><br>\u015eirket bilginiz (\u015eirket ad\u0131, telefonu, adresi)<br><br>\u015eirketimiz taraf\u0131ndan verilen hizmetlerin kay\u0131tlar\u0131 (Talep ve \u015eikayet Y\u00f6netimi)<br><br>\u015eikayetlerinize ili\u015fkin al\u0131nan formla olu\u015fan kay\u0131tlar<br><br>Kullan\u0131c\u0131 olman\u0131z halinde sa\u011flad\u0131\u011f\u0131m\u0131z elektronik ticaret sistemi \u00e7er\u00e7evesinde veri i\u015fleyen s\u0131fat\u0131yla tutulmas\u0131 amac\u0131 ile i\u015flenme ama\u00e7lar\u0131n\u0131 ve vas\u0131talar\u0131n\u0131 belirlemeden sadece depolama ve sistemin kullan\u0131lmas\u0131 ile olu\u015fan m\u00fc\u015fterilerinize ait bilgiler,<\/p>\n\n\n\n<p class=\"has-medium-font-size\"><strong><u>Elektronik Ticari \u0130leti\u015fim \u0130zni Vermeniz Durumunda<\/u><\/strong><\/p>\n\n\n\n<p>Kimlik bilgileriniz (ad soyad,)<br><br>\u0130leti\u015fim bilgileriniz (adres, e-posta adresi, telefon numaras\u0131)<br><br>Siteyi kullan\u0131mlar\u0131n\u0131za ili\u015fkin detaylar (Site\u2019deki davran\u0131\u015flar\u0131n\u0131z, i\u015flemleriniz, tercihleriniz, ziyaret edilen \u00fcr\u00fcnler vs.)<\/p>\n\n\n\n<p>Pazarlamaya esas bilgileriniz (Do\u011fum tarihi, Site kullan\u0131mlar\u0131, al\u0131\u015fveri\u015f al\u0131\u015fkanl\u0131klar\u0131, , adres, ve al\u0131\u015fkanl\u0131klar gibi demografik \u00fcye\/kullan\u0131c\u0131\/m\u00fc\u015fteri bilgileri, , her t\u00fcrl\u00fc \u00fcr\u00fcne ve hizmete ili\u015fkin al\u0131\u015fveri\u015f al\u0131\u015fkanl\u0131\u011f\u0131-tercihler, be\u011feniler ve ilgili yorumlar, yararlan\u0131lan kampanya, anket vb.leri ile i\u00e7erikleri, fatura i\u00e7erikleri, \u00f6deme y\u00f6ntemleri(nakit, kredi kart\u0131 vs.) ve \u00f6deme detaylar\u0131 (taksit miktar\u0131 vs.), eski ve yeni cep\/ev\/i\u015f telefon\/faks numaralar\u0131, mail adresleri, tan\u0131mlama bilgileri (\u00e7erez, web taray\u0131c\u0131 i\u015faretleri-bilgisi, IP, beacon, kablolu-kablosuz a\u011f ba\u011flant\u0131 bilgisi vb),<\/p>\n\n\n\n<p class=\"has-medium-font-size\"><strong><u>K\u0130\u015e\u0130SEL VER\u0130LER\u0130N\u0130Z\u0130N \u0130\u015eLENME AMA\u00c7LARI<\/u><\/strong><\/p>\n\n\n\n<p>Ki\u015fisel verileriniz, ki\u015fisel verilerin korunmas\u0131na ili\u015fkin mevzuata uygun olarak a\u015fa\u011f\u0131daki ama\u00e7lar ile i\u015flenebilecektir;<\/p>\n\n\n\n<p><strong><u>Genel Ama\u00e7lar<br><\/u><\/strong><br>&#8211; Bizimle ileti\u015fime ge\u00e7ti\u011finiz takdirde sorun ve \u015fikayetlerinizi \u00e7\u00f6z\u00fcmlemek ve gerekti\u011finde buna ili\u015fkin olarak sizinle ileti\u015fime ge\u00e7ebilmek amac\u0131yla kimlik ve ileti\u015fim bilgilerinizi,<br>&#8211; Mevzuattan kaynaklanan y\u00fck\u00fcml\u00fcl\u00fcklerimizi yerine getirmek, yetkili ve g\u00f6revli kamu kurum ve kurulu\u015flar\u0131 ile bilgi g\u00fcvenli\u011fi ba\u015fta olmak \u00fczere di\u011fer hukuki y\u00fck\u00fcml\u00fcklerimizi yerine getirmek ama\u00e7lar\u0131yla kimlik, ileti\u015fim, fatura, al\u0131\u015fveri\u015f bilgilerinizi,<br>&#8211; S\u00f6zle\u015fmeden do\u011facak uyu\u015fmazl\u0131klarda mahkeme, icra dairesi, hakem heyeti gibi resmi kurum ve kurulu\u015flara kar\u015f\u0131 her t\u00fcrl\u00fc dava, cevap ve itiraz hakk\u0131n\u0131n kullan\u0131lmas\u0131 amac\u0131yla kimlik, ileti\u015fim, fatura, al\u0131\u015fveri\u015f bilgilerinizi,<br>&#8211; Size ili\u015fkin sistemimizde olu\u015fturdu\u011fumuz kay\u0131tlar\u0131n di\u011fer m\u00fc\u015fterilere ili\u015fkin kay\u0131tlardan ay\u0131rt edilebilmesi, fatura\/fi\u015f ibraz etmeksizin sat\u0131\u015f sonras\u0131 operasyonel s\u00fcre\u00e7lerden faydalanabilmenizi sa\u011flamak amac\u0131yla kimlik ve ileti\u015fim bilgilerinizi,<\/p>\n\n\n\n<p>&#8211; Fatura d\u00fczenlenmesini talep etmeniz halinde fatura d\u00fczenlenebilmesi amac\u0131yla kimlik ve fatura bilgilerinizi,<\/p>\n\n\n\n<p>&#8211; \u00d6demenizi kredi kart\u0131 ile yapmak istemeniz halinde \u00f6demenin al\u0131nabilmesi amac\u0131yla kredi kart\u0131 bilgileriniz (kredi kart\u0131 bilgileri kaydedilmeden \u00f6deme kurulu\u015funa aktar\u0131lmaktad\u0131r.)<\/p>\n\n\n\n<p>&#8211; Mevzuattan kaynaklanan saklama y\u00fck\u00fcml\u00fcl\u00fcklerimizi yerine getirmek amac\u0131yla kimlik, al\u0131\u015fveri\u015f ve fatura bilgilerinizi,<\/p>\n\n\n\n<p><strong><u>Kullan\u0131c\u0131 Olman\u0131z Halinde<\/u><\/strong><br><br>&#8211; \u00dcr\u00fcn\u00fcm\u00fcz\u00fcn geli\u015ftirilmesini sa\u011flamak ve taleplerinize an\u0131nda yan\u0131t vermek ad\u0131na Kullan\u0131c\u0131 \u015eikayet ve Talep Formu kapsam\u0131nda,<br><br>&#8211; D\u00fczenli \u00f6demelerin takibi ve hesap bilgileriniz ile d\u00fczenleme yap\u0131labilmesi ve Elektronik Ticaret ortam\u0131n\u0131za y\u00f6netilmesini sa\u011flamak i\u00e7in taraf\u0131n\u0131za sa\u011flanmas\u0131 halinde,<br><br>&#8211; Kullan\u0131c\u0131 olman\u0131z halinde yapm\u0131\u015f oldu\u011funuz sat\u0131\u015flar, elektronik ticaret sitenizin y\u00fcr\u00fct\u00fclmesini sa\u011flamak,<br><br>&#8211; Verilen hizmet kapsam\u0131nda taleplerinizin y\u00f6netimi ve en iyi hizmet prensibi ile Kullan\u0131c\u0131lar\u0131n elektronik ticaretinin en iyi \u015fekilde sa\u011flanmas\u0131 amac\u0131 ile,<br><br>&#8211; Web sitesinde yer alan veya talep etmeniz halinde verilerinizi aktard\u0131\u011f\u0131m\u0131z i\u015f ortaklar\u0131 ile elektronik ticaret sitenizin y\u00f6netiminin yap\u0131lmas\u0131 amac\u0131 ile,<\/p>\n\n\n\n<p><strong><u>Elektronik Ticari \u0130leti\u015fim \u0130zni Vermeniz Halinde<\/u><\/strong><\/p>\n\n\n\n<p>Genel veya size \u00f6zel ki\u015fiselle\u015ftirilmi\u015f kampanyalar\u0131n, avantajlar\u0131n, promosyonlar\u0131n, reklamlar\u0131n, bilgilendirmelerin, pazarlama faaliyetlerinin olu\u015fturulabilmesi\/yap\u0131labilmesi, size y\u00f6nelik her t\u00fcrl\u00fc ticari ileti\u015fim faaliyetlerinde bulunulabilmesi amac\u0131yla kimlik, ileti\u015fim, al\u0131\u015fveri\u015f ve pazarlamaya esas bilgilerinizi i\u015flemekteyiz.<\/p>\n\n\n\n<p class=\"has-medium-font-size\"><strong><u>K\u0130\u015e\u0130SEL VER\u0130LER\u0130N\u0130Z\u0130N TOPLANMA Y\u00d6NTEM\u0130 VE HUKUK\u0130 SEBEB\u0130<\/u><\/strong><\/p>\n\n\n\n<p>Ki\u015fisel verileriniz SOYUT W\u0130ND taraf\u0131ndan; Site \u00fczerinden i\u015flemleriniz, talep ve \u015fikayetlerinize ili\u015fkin veya yapt\u0131\u011f\u0131n\u0131z al\u0131\u015fveri\u015fleriniz ile, Site \u00fczerindeki her t\u00fcrl\u00fc al\u0131\u015fveri\u015f, tahsilat, teslimat, i\u015flem, anket doldurma, otomatik y\u00f6ntemlerle veya elektronik sistemler vas\u0131tas\u0131 ile al\u0131nan Elektronik Ticari \u0130leti\u015fim \u0130zniniz \u00e7er\u00e7evesinde i\u015flenmektedir.<\/p>\n\n\n\n<p>SOYUT W\u0130ND olarak ki\u015fisel verilerinizi; Site \u00fczerindeki mesafeli sat\u0131\u015f ve e-ticaret &nbsp;s\u00fcre\u00e7lerine ili\u015fkin olarak &#8220;s\u00f6zle\u015fmenin kurulmas\u0131 ve ifas\u0131 i\u00e7in veri i\u015flemenin gerekli olmas\u0131\u201d, &#8220;hukuki y\u00fck\u00fcml\u00fcl\u00fc\u011f\u00fcn yerine getirilmesi\u201d ile &#8220;veri sorumlusunun me\u015fru menfaatleri i\u00e7in veri i\u015flenmesinin zorunlu olmas\u0131 hukuki sebeplerine; mevzuattan kaynaklanan saklama y\u00fck\u00fcml\u00fcl\u00fcklerimize ili\u015fkin &#8220;hukuki y\u00fck\u00fcml\u00fcl\u00fc\u011f\u00fcn yerine getirilmesi\u201d hukuki sebebine; \u201cKullan\u0131c\u0131 olman\u0131z halinde &#8221; s\u00f6zle\u015fmenin kurulmas\u0131 ve ifas\u0131 i\u00e7in veri i\u015flemenin gerekli olmas\u0131\u201d talep ve \u015fikayetlerinizin takibi a\u00e7\u0131s\u0131nda &#8220;Hakk\u0131n kullan\u0131lmas\u0131 i\u00e7in veri i\u015flemenin zorunlu olmas\u0131\u201d sebebine dayanarak, ki\u015fisel verileriniz Elektronik Ticari \u0130leti\u015fim \u0130zni vermeniz durumunda ve Verilerinizin \u0130\u015f Ortaklar\u0131 ile size yeni hizmetler sunulmas\u0131 amac\u0131 ile a\u00e7\u0131k r\u0131za hukuki sebeplerine dayanarak topluyoruz.<\/p>\n\n\n\n<p>A\u00e7\u0131k r\u0131zan\u0131n bulunmas\u0131; \u015eirketimizin tabi oldu\u011fu sair mevzuatta a\u00e7\u0131k\u00e7a \u00f6ng\u00f6r\u00fclm\u00fc\u015f olmas\u0131,<\/p>\n\n\n\n<p>Bir s\u00f6zle\u015fmenin kurulmas\u0131 veya ifas\u0131yla do\u011frudan do\u011fruya ilgili olmas\u0131 kayd\u0131yla, s\u00f6zle\u015fmenin taraflar\u0131na ait ki\u015fisel verilerin i\u015flenmesinin gerekli olmas\u0131, talep edilen \u00fcr\u00fcn ve hizmetleri sunabilmek ve akdetti\u011finiz s\u00f6zle\u015fmelerinin gere\u011finin yerine getirilmesi,<\/p>\n\n\n\n<p>Hukuki y\u00fck\u00fcml\u00fcl\u00fc\u011f\u00fcn yerine getirebilmesi i\u00e7in zorunlu olmas\u0131,<\/p>\n\n\n\n<p>\u0130lgili ki\u015finin kendisi taraf\u0131ndan alenile\u015ftirilmi\u015f olmas\u0131,<\/p>\n\n\n\n<p>Bir hakk\u0131n tesisi, kullan\u0131lmas\u0131 veya korunmas\u0131 i\u00e7in veri i\u015flemenin zorunlu olmas\u0131,<\/p>\n\n\n\n<p>\u0130lgili ki\u015finin temel hak ve \u00f6zg\u00fcrl\u00fcklerine zarar vermemek kayd\u0131yla, veri sorumlusunun me\u015fru menfaatleri i\u00e7in veri i\u015flenmesinin zorunlu olmas\u0131.<\/p>\n\n\n\n<p>A\u00e7\u0131k r\u0131zan\u0131z\u0131n bulunmas\u0131; Sa\u011fl\u0131k d\u0131\u015f\u0131ndaki ki\u015fisel veriler, kanunlarda \u00f6ng\u00f6r\u00fclen hallerde a\u00e7\u0131k r\u0131zas\u0131 aranmaks\u0131z\u0131n,<\/p>\n\n\n\n<p>Sa\u011fl\u0131\u011fa ili\u015fkin ki\u015fisel veriler ise ancak kamu sa\u011fl\u0131\u011f\u0131n\u0131n korunmas\u0131, koruyucu hekimlik, t\u0131bb\u00ee te\u015fhis, tedavi ve bak\u0131m hizmetlerinin y\u00fcr\u00fct\u00fclmesi, sa\u011fl\u0131k hizmetleri ile finansman\u0131n\u0131n planlanmas\u0131 ve y\u00f6netimi amac\u0131yla, s\u0131r saklama y\u00fck\u00fcml\u00fcl\u00fc\u011f\u00fc alt\u0131nda bulunan ki\u015filer veya yetkili kurum ve kurulu\u015flar taraf\u0131ndan ilgilinin a\u00e7\u0131k r\u0131zas\u0131 aranmaks\u0131z\u0131n veri i\u015flenmesinin zorunlu olmas\u0131.<\/p>\n\n\n\n<p class=\"has-medium-font-size\"><strong><u>K\u0130\u015e\u0130SEL VER\u0130LER\u0130N\u0130Z AKTARILMASI<\/u><\/strong><\/p>\n\n\n\n<p>SOYUT W\u0130ND olarak ki\u015fisel verilerinizi;<br><br>Bili\u015fim teknolojileri, pazarlama faaliyetleri, ya da uzmanl\u0131k gerektiren dan\u0131\u015fmanl\u0131k vb. hizmetlerini almak, ki\u015fisel veri toplama s\u00fcre\u00e7lerinde \u00fcr\u00fcn ve hizmet deste\u011fi almak gibi ama\u00e7larla \u015eirketimizin yurti\u00e7i ve yurtd\u0131\u015f\u0131nda bulunan i\u015f ortaklar\u0131 ve hizmet sa\u011flay\u0131c\u0131lar\u0131yla <em>(\u00e7a\u011fr\u0131 merkezi, cihazlar arac\u0131l\u0131\u011f\u0131yla ki\u015fisel veri toplama hizmeti, pazarlama dan\u0131\u015fmanl\u0131\u011f\u0131, veri taban\u0131, elektronik ileti arac\u0131 hizmet sa\u011flay\u0131c\u0131lar\u0131, dan\u0131\u015fmanl\u0131k, vb. hizmeti veren firmalar\u0131 ile)<\/em> veya yurti\u00e7indeki i\u015f ortaklar\u0131m\u0131z\u0131n sunucular\u0131n\u0131n yurtd\u0131\u015f\u0131nda olmas\u0131 halinde yurtd\u0131\u015f\u0131 ile,<br><br>Site \u00fczerinden yapt\u0131\u011f\u0131n\u0131z al\u0131\u015fveri\u015flerinizin ve di\u011fer her t\u00fcrl\u00fc \u00fcr\u00fcn taleplerinizin \u00e7\u00f6z\u00fcm\u00fc amac\u0131 ile bayilerimiz ve i\u015f ortaklar\u0131m\u0131zla,<br><br>Yetkili ve g\u00f6revli kamu kurum ve kurulu\u015flar\u0131 ile adli makamlara kar\u015f\u0131 olan bilgi, belge verme ve ilgili sair y\u00fck\u00fcml\u00fcl\u00fcklerimizi yerine getirmek ve dava ve cevap haklar\u0131 gibi yasal haklar\u0131m\u0131z\u0131 kullanabilmek amac\u0131yla bizden istenen bilgileri an\u0131lan bu kurum, kurulu\u015f ve makamlarla,<\/p>\n\n\n\n<p>Vergi Usul Kanunu, Sosyal G\u00fcvenlik Kurumu mevzuat\u0131, Say\u0131\u015ftay, Su\u00e7 Gelirlerinin Aklanmas\u0131n\u0131n \u00d6nlenmesi Hakk\u0131nda Kanun, Karaparan\u0131n Aklanmas\u0131n\u0131n \u00d6nlenmesine Dair Kanun, T\u00fcrk Ticaret Kanunu, Bor\u00e7lar Kanunu ve di\u011fer mevzuat h\u00fck\u00fcmlerinin izin verdi\u011fi ki\u015fi veya kurulu\u015flarla,<\/p>\n\n\n\n<p>Kanunen yetkili kamu kurum ve kurulu\u015flar\u0131, idari merciler ve yasal mercilerle,<\/p>\n\n\n\n<p>\u00d6demenizi kredi kart\u0131 ile yapman\u0131z halinde kredi kart\u0131 bilgileriniz \u015eirketimiz taraf\u0131ndan kaydedilmeksizin ilgili banka, elektronik \u00f6deme kurulu\u015fu vb. hizmeti sa\u011flayan \u00fc\u00e7\u00fcnc\u00fc ki\u015filerle,<\/p>\n\n\n\n<p>\u00dcr\u00fcn\/hizmet kar\u015f\u0131la\u015ft\u0131rma, analiz, de\u011ferlendirme, reklam ve yukar\u0131da belirtilen ama\u00e7lar\u0131n ger\u00e7ekle\u015ftirilmesinde hizmet ald\u0131\u011f\u0131m\u0131z, i\u015fbirli\u011fi yapt\u0131\u011f\u0131m\u0131z ger\u00e7ek veya t\u00fczel ki\u015filere, program orta\u011f\u0131 kurum ve kurulu\u015flara, m\u00fc\u015fterilerimize g\u00f6nderdi\u011fimiz iletilerin g\u00f6nderilmesi konusunda anla\u015fmal\u0131 oldu\u011fumuz kurumlara, verilen sipari\u015flerin size teslimini ger\u00e7ekle\u015ftiren kargo \u015firketlerine 6698 say\u0131l\u0131 Kanun\u2019un 8. ve 9. maddelerinde belirtilen ki\u015fisel veri i\u015fleme \u015fartlar\u0131 ve ama\u00e7lar\u0131 \u00e7er\u00e7evesinde aktar\u0131labilecektir.<br><br><strong><u>K\u0130\u015e\u0130SEL VER\u0130 SAH\u0130B\u0130N\u0130N 6698 SAYILI KANUN\u2019UN 11. MADDES\u0130NDE SAYILAN HAKLARI<\/u><\/strong><\/p>\n\n\n\n<p>Ki\u015fisel veri sahipleri olarak, haklar\u0131n\u0131za ili\u015fkin taleplerinizi a\u015fa\u011f\u0131da d\u00fczenlenen y\u00f6ntemlerle iletmeniz durumunda SOYUT W\u0130ND talebin niteli\u011fine g\u00f6re talebi en k\u0131sa s\u00fcrede ve en ge\u00e7 otuz g\u00fcn i\u00e7inde sonu\u00e7land\u0131racakt\u0131r. Verilecek cevapta on sayfaya kadar \u00fccret al\u0131nmayacakt\u0131r. On sayfan\u0131n \u00fczerindeki her sayfa i\u00e7in 10 T\u00fcrk liras\u0131 i\u015flem \u00fccreti al\u0131nacakt\u0131r. Ba\u015fvuruya cevab\u0131n CD,&nbsp;flash&nbsp;bellek gibi bir kay\u0131t ortam\u0131nda verilmesi halinde \u015eirket taraf\u0131ndan talep edilebilecek \u00fccret, kay\u0131t ortam\u0131n\u0131n maliyetini ge\u00e7meyecektir.<\/p>\n\n\n\n<p>Bu kapsamda ki\u015fisel veri sahipleri;<\/p>\n\n\n\n<ul class=\"wp-block-list\">\n<li>Ki\u015fisel veri i\u015flenip i\u015flenmedi\u011fini \u00f6\u011frenme,<\/li>\n\n\n\n<li>Ki\u015fisel verileri i\u015flenmi\u015fse buna ili\u015fkin bilgi talep etme,<\/li>\n\n\n\n<li>Ki\u015fisel verilerin i\u015flenme amac\u0131n\u0131 ve bunlar\u0131n amac\u0131na uygun kullan\u0131l\u0131p kullan\u0131lmad\u0131\u011f\u0131n\u0131 \u00f6\u011frenme,<\/li>\n\n\n\n<li>Yurt i\u00e7inde veya yurt d\u0131\u015f\u0131nda ki\u015fisel verilerin aktar\u0131ld\u0131\u011f\u0131 \u00fc\u00e7\u00fcnc\u00fc ki\u015fileri bilme,<\/li>\n\n\n\n<li>Ki\u015fisel verilerin eksik veya yanl\u0131\u015f i\u015flenmi\u015f olmas\u0131 h\u00e2linde bunlar\u0131n d\u00fczeltilmesini isteme ve bu kapsamda yap\u0131lan i\u015flemin ki\u015fisel verilerin aktar\u0131ld\u0131\u011f\u0131 \u00fc\u00e7\u00fcnc\u00fc ki\u015filere bildirilmesini isteme,<\/li>\n\n\n\n<li>6698 say\u0131l\u0131 Kanun ve ilgili di\u011fer kanun h\u00fck\u00fcmlerine uygun olarak i\u015flenmi\u015f olmas\u0131na ra\u011fmen, i\u015flenmesini gerektiren sebeplerin ortadan kalkmas\u0131 halinde ki\u015fisel verilerin silinmesini veya yok edilmesini isteme ve bu kapsamda yap\u0131lan i\u015flemin ki\u015fisel verilerin aktar\u0131ld\u0131\u011f\u0131 \u00fc\u00e7\u00fcnc\u00fc ki\u015filere bildirilmesini isteme,<\/li>\n\n\n\n<li>\u0130\u015flenen verilerin m\u00fcnhas\u0131ran otomatik sistemler vas\u0131tas\u0131yla analiz edilmesi suretiyle ki\u015finin kendisi aleyhine bir sonucun ortaya \u00e7\u0131kmas\u0131na itiraz etme,<\/li>\n\n\n\n<li>Ki\u015fisel verilerin kanuna ayk\u0131r\u0131 olarak i\u015flenmesi sebebiyle zarara u\u011framas\u0131 halinde zarar\u0131n giderilmesini talep etme haklar\u0131na sahiptir.<\/li>\n<\/ul>\n\n\n\n<p>Yukar\u0131da belirtilen haklar\u0131n\u0131z\u0131 kullanma ile ilgili talebinizi, 6698 say\u0131l\u0131 Kanunu\u2019nun 13. maddesinin 1. f\u0131kras\u0131 ve 30356 say\u0131l\u0131 ve 10.03.2018 tarihli Veri Sorumlusuna Ba\u015fvuru Usul ve Esaslar\u0131 Hakk\u0131nda Tebli\u011f gere\u011fince T\u00fcrk\u00e7e ve yaz\u0131l\u0131 olarak veya kay\u0131tl\u0131 elektronik posta (KEP) adresi, g\u00fcvenli elektronik imza, mobil imza ya da SOYUT W\u0130ND\u2019e daha \u00f6nce bildirilen ve sistemimizde kay\u0131tl\u0131 bulunan elektronik posta adresini kullanmak suretiyle iletebilirsiniz. Ba\u015fvurularda sadece ba\u015fvuru sahibi ki\u015fi hakk\u0131nda bilgi verilecek olup di\u011fer aile fertleri ve \u00fc\u00e7\u00fcnc\u00fc ki\u015filer hakk\u0131nda bilgi al\u0131nmas\u0131 m\u00fcmk\u00fcn olmayacakt\u0131r. SOYUT W\u0130ND\u2019in cevap vermeden \u00f6nce kimli\u011finizi do\u011frulama hakk\u0131 sakl\u0131d\u0131r.&nbsp;<\/p>\n\n\n\n<p>Ba\u015fvurunuzda;<\/p>\n\n\n\n<p>a) Ad\u0131n\u0131z\u0131n,&nbsp;soyad\u0131n\u0131z\u0131n&nbsp;ve ba\u015fvuru yaz\u0131l\u0131 ise imzan\u0131z\u0131n,<\/p>\n\n\n\n<p>b) T\u00fcrkiye Cumhuriyeti vatanda\u015flar\u0131 i\u00e7in T.C. kimlik numaran\u0131z\u0131n, yabanc\u0131 iseniz uyru\u011funuzun, pasaport numaran\u0131z\u0131n veya varsa kimlik numaran\u0131z\u0131n,<\/p>\n\n\n\n<p>c) Tebligata esas yerle\u015fim yeri veya i\u015f yeri adresinizin,<\/p>\n\n\n\n<p>\u00e7) Varsa bildirime esas elektronik posta adresi, telefon ve faks numaran\u0131z\u0131n,<\/p>\n\n\n\n<p>d) Talep konunuzun,<\/p>\n\n\n\n<p>bulunmas\u0131&nbsp;zorunlu olup varsa konuya ili\u015fkin bilgi ve belgelerin de ba\u015fvuruya eklenmesi gerekmektedir.<\/p>\n\n\n\n<p><strong><u>\u0130LET\u0130\u015e\u0130M<\/u><\/strong><\/p>\n\n\n\n<p>Yaz\u0131l\u0131 olarak yapmak istedi\u011finiz ba\u015fvurular\u0131n\u0131z\u0131, gerekli belgeleri ekleyerek veri sorumlusu olarak \u015eirketimizin <em>Cumhuriyet Mahallesi E90 Karayolu Kenar\u0131 K\u00fcme Evleri No:24 Sincan\/ANKARA<\/em> adresine verebilirsiniz. Ba\u015fvuru formuna\u00a0<a href=\"https:\/\/soyutwind.com\/wp-content\/uploads\/2024\/09\/SoyutWind-KVKK-bilgi-talep-form.doc\"><strong>buradan<\/strong><\/a>\u00a0eri\u015febilirsiniz.<\/p>\n\n\n\n<p>E-posta yoluyla yapmak istedi\u011finiz ba\u015fvurular\u0131n\u0131z\u0131&nbsp;<a href=\"mailto:bilgi@soyutwind.com\"><strong>bilgi@soyutwind.com<\/strong><\/a>&nbsp;e-posta adresine yapabilirsiniz. KEP yoluyla yapmak istedi\u011finiz ba\u015fvurular\u0131n\u0131z\u0131&nbsp;<a href=\"mailto:soyutwind@hs01.kep.tr\" data-type=\"mailto\" data-id=\"mailto:soyutwind@hs01.kep.tr\"><strong>soyutwind@hs01.kep.tr<\/strong><\/a>&nbsp;KEP adresimize yapabilirsiniz.<\/p>\n\n\n\n<p style=\"font-size:16px\">Talebinizin niteli\u011fine g\u00f6re kimlik tespitine olanak sa\u011flayacak bilgi ve belgelerin eksiksiz ve do\u011fru olarak taraf\u0131m\u0131za sa\u011flanmas\u0131 gerekmektedir. \u0130stenilen bilgi ve belgelerin gere\u011fi gibi sa\u011flanmamas\u0131 durumunda, SOYUT W\u0130ND taraf\u0131ndan talebinize istinaden yap\u0131lacak ara\u015ft\u0131rmalar\u0131n tam ve nitelikli \u015fekilde y\u00fcr\u00fct\u00fclmesinde aksakl\u0131klar ya\u015fanabilecektir. Bu durumda, SOYUT W\u0130ND kanuni haklar\u0131n\u0131 sakl\u0131 tuttu\u011funu beyan eder. Bu nedenle, ba\u015fvurunuzun talebinizin niteli\u011fine g\u00f6re eksiksiz ve istenilen bilgileri ve belgeleri i\u00e7erecek \u015fekilde g\u00f6nderilmesi gerekmektedir.<\/p>","protected":false},"excerpt":{"rendered":"<p>\u00dcye ve Ziyaret\u00e7i Ki\u015fisel Verilerin Korunmas\u0131 Ayd\u0131nlatma Metni 6698 SAYILI K\u0130\u015e\u0130SEL VER\u0130LER\u0130N KORUNMASI KANUNU USUL VE ESASLARI UYARINCA K\u0130\u015e\u0130SEL VER\u0130LER\u0130N\u0130Z\u0130N<\/p>","protected":false},"author":2,"featured_media":0,"parent":0,"menu_order":0,"comment_status":"closed","ping_status":"open","template":"","meta":{"footnotes":""},"class_list":["post-20716","page","type-page","status-publish","hentry"],"_links":{"self":[{"href":"https:\/\/soyutwind.com\/en\/wp-json\/wp\/v2\/pages\/20716","targetHints":{"allow":["GET"]}}],"collection":[{"href":"https:\/\/soyutwind.com\/en\/wp-json\/wp\/v2\/pages"}],"about":[{"href":"https:\/\/soyutwind.com\/en\/wp-json\/wp\/v2\/types\/page"}],"author":[{"embeddable":true,"href":"https:\/\/soyutwind.com\/en\/wp-json\/wp\/v2\/users\/2"}],"replies":[{"embeddable":true,"href":"https:\/\/soyutwind.com\/en\/wp-json\/wp\/v2\/comments?post=20716"}],"version-history":[{"count":0,"href":"https:\/\/soyutwind.com\/en\/wp-json\/wp\/v2\/pages\/20716\/revisions"}],"wp:attachment":[{"href":"https:\/\/soyutwind.com\/en\/wp-json\/wp\/v2\/media?parent=20716"}],"curies":[{"name":"wp","href":"https:\/\/api.w.org\/{rel}","templated":true}]}}