{"id":20724,"date":"2024-08-25T22:58:57","date_gmt":"2024-08-25T19:58:57","guid":{"rendered":"https:\/\/soyutwind.com\/?page_id=20724"},"modified":"2024-09-06T11:58:17","modified_gmt":"2024-09-06T08:58:17","slug":"on-bilgilendirme-formu","status":"publish","type":"page","link":"https:\/\/soyutwind.com\/en\/on-bilgilendirme-formu\/","title":{"rendered":"Pre-Information Form"},"content":{"rendered":"<p class=\"has-medium-font-size\"><strong>\u00d6N B\u0130LG\u0130LEND\u0130RME FORMU<\/strong><\/p>\n\n\n\n<ol class=\"wp-block-list\">\n<li class=\"has-medium-font-size\"><strong>TARAFLAR VE KONU<\/strong><\/li>\n<\/ol>\n\n\n\n<p>\u0130\u015fbu \u00d6n Bilgilendirme Formu\u2019nun konusu, Al\u0131c\u0131 ve Sat\u0131c\u0131 aras\u0131ndaki S\u00f6zle\u015fme\u2019ye ili\u015fkin Kanun ve Y\u00f6netmelik h\u00fck\u00fcmleri uyar\u0131nca bilgilendirilmesidir. Ayr\u0131ca Y\u00f6netmelik uyar\u0131nca yer verilmesi zorunlu olan hususlar \u00d6n Bilgilendirme Formu\u2019nda yer almaktad\u0131r.<\/p>\n\n\n\n<p>ALICI, \u00d6n Bilgilendirme Formu ve S\u00f6zle\u015fme\u2019ye ili\u015fkin bilgilerini \u00fcyeli\u011finin ba\u011fl\u0131 oldu\u011fu \u201cHesab\u0131m\u201d sayfas\u0131ndan takip edebilecek olup de\u011fi\u015fen bilgilerini bu sayfa \u00fcst\u00fcnden g\u00fcncelleyebilecektir. \u00d6n Bilgilendirme Formu ve S\u00f6zle\u015fme\u2019nin \u00f6rne\u011fi web sitesinde footer k\u0131sm\u0131nda mevcuttur ve talep edilmesi halinde ayr\u0131ca elektronik posta ile de g\u00f6nderilebilecektir.<\/p>\n\n\n\n<ul class=\"wp-block-list\">\n<li><strong>TANIMLAR<\/strong><\/li>\n<\/ul>\n\n\n\n<p>\u00d6n Bilgilendirme Formu ve S\u00f6zle\u015fme\u2019nin uygulanmas\u0131nda ve yorumlanmas\u0131nda a\u015fa\u011f\u0131da yaz\u0131l\u0131 terimler kar\u015f\u0131lar\u0131ndaki yaz\u0131l\u0131 a\u00e7\u0131klamalar\u0131 ifade edeceklerdir.<\/p>\n\n\n\n<figure class=\"wp-block-table\"><table class=\"has-fixed-layout\"><tbody><tr><td>Al\u0131c\u0131<\/td><td>Bir Mal veya Hizmet\u2019i ticari veya mesleki olmayan ama\u00e7larla edinen, kullanan veya yararlanan ger\u00e7ek ki\u015fiyi,<\/td><\/tr><tr><td>Bakanl\u0131k<\/td><td>T\u00fcrkiye Cumhuriyeti Ticaret Bakanl\u0131\u011f\u0131\u2019n\u0131,<\/td><\/tr><tr><td>Banka<\/td><td>5411 say\u0131l\u0131 Bankac\u0131l\u0131k Kanunu uyar\u0131nca kurulan lisansl\u0131 kurulu\u015flar\u0131,<\/td><\/tr><tr><td>Hizmet<\/td><td>Bir \u00fccret veya menfaat kar\u015f\u0131l\u0131\u011f\u0131nda yap\u0131lan ya da yap\u0131lmas\u0131 taahh\u00fct edilen \u00dcr\u00fcn sa\u011flama d\u0131\u015f\u0131ndaki her t\u00fcrl\u00fc t\u00fcketici i\u015fleminin konusunu,<\/td><\/tr><tr><td>Kanun<\/td><td>6502 say\u0131l\u0131 T\u00fcketicinin Korunmas\u0131 Hakk\u0131nda Kanun\u2019u,<\/td><\/tr><tr><td>Kargo \u015eirketi<\/td><td>\u00dcr\u00fcn\u2019\u00fcn Al\u0131c\u0131\u2019ya ula\u015ft\u0131r\u0131lmas\u0131n\u0131, iade s\u00fcre\u00e7lerinde Al\u0131c\u0131\u2019dan al\u0131narak Sat\u0131c\u0131\u2019ya ula\u015ft\u0131r\u0131lmas\u0131n\u0131 sa\u011flayan anla\u015fmal\u0131 kargo veya lojistik \u015firketini,<\/td><\/tr><tr><td>Pre-Information Form<\/td><td>S\u00f6zle\u015fme kurulmadan ya da buna kar\u015f\u0131l\u0131k herhangi bir teklif Al\u0131c\u0131 taraf\u0131ndan kabul edilmeden \u00f6nce Al\u0131c\u0131\u2019y\u0131 Y\u00f6netmelik\u2019te belirtilen asgari hususlar konusunda bilgilendirmek i\u00e7in haz\u0131rlanan formu,<\/td><\/tr><tr><td>Platform<\/td><td>Sat\u0131c\u0131\u2019ya ait soyutwind.com adl\u0131 internet sitesini ve mobil uygulamas\u0131n\u0131,<\/td><\/tr><tr><td>Sat\u0131c\u0131<\/td><td>\u00dcr\u00fcn\/Hizmet\u2019i Platform \u00fczerinden sat\u0131\u015fa sunan SOYUT W\u0130ND R\u00dcZGAR T\u00dcRB\u0130NLER\u0130 \u00dcRET\u0130M M\u00dcHEND\u0130SL\u0130K ENERJ\u0130 \u0130N\u015eAAT ANON\u0130M \u015e\u0130RKET\u0130\u2019ni,<\/td><\/tr><tr><td>S\u00f6zle\u015fme<\/td><td>Sat\u0131c\u0131 ve Al\u0131c\u0131 aras\u0131nda akdedilen S\u00f6zle\u015fme\u2019yi,<\/td><\/tr><tr><td>\u00dcr\u00fcn<\/td><td>Al\u0131\u015fveri\u015fe konu olan ta\u015f\u0131n\u0131r e\u015fya niteli\u011findeki r\u00fczgar t\u00fcrbinleri ve bu t\u00fcrbinlere ait yedek par\u00e7alar ile kurulum, bak\u0131m hizmetleri ve elektronik ortamda kullan\u0131lmak \u00fczere haz\u0131rlanan yaz\u0131l\u0131m, ses, g\u00f6r\u00fcnt\u00fc ve benzeri her t\u00fcrl\u00fc gayri maddi mal\u0131,<\/td><\/tr><tr><td>Y\u00f6netmelik<\/td><td>Mesafeli S\u00f6zle\u015fmeler Y\u00f6netmeli\u011fi\u2019ni ifade eder.<\/td><\/tr><\/tbody><\/table><\/figure>\n\n\n\n<div class=\"wp-block-group is-layout-constrained wp-block-group-is-layout-constrained\">\n<div class=\"wp-block-columns is-layout-flex wp-container-core-columns-is-layout-9d6595d7 wp-block-columns-is-layout-flex\"><\/div>\n<\/div>\n\n\n\n<ul class=\"wp-block-list\">\n<li><strong>ALICI VE SATICI B\u0130LG\u0130LER\u0130<\/strong><\/li>\n<\/ul>\n\n\n\n<p><strong>ALICI B\u0130LG\u0130LER\u0130<\/strong><\/p>\n\n\n\n<figure class=\"wp-block-table\"><table class=\"has-fixed-layout\"><tbody><tr><td>Teslim Edilecek Ki\u015fi<\/td><td><\/td><\/tr><tr><td>Teslimat Adresi<\/td><td><\/td><\/tr><tr><td>Phone<\/td><td><\/td><\/tr><tr><td>Faks<\/td><td><\/td><\/tr><tr><td>E-posta \/ Kullan\u0131c\u0131 Ad\u0131<\/td><td><\/td><\/tr><\/tbody><\/table><\/figure>\n\n\n\n<p><strong>SATICI B\u0130LG\u0130LER\u0130<\/strong><\/p>\n\n\n\n<figure class=\"wp-block-table\"><table class=\"has-fixed-layout\"><tbody><tr><td>Sat\u0131c\u0131 Unvan\u0131<\/td><td>SOYUT W\u0130ND R\u00dcZGAR T\u00dcRB\u0130NLER\u0130 \u00dcRET\u0130M M\u00dcHEND\u0130SL\u0130K ENERJ\u0130 \u0130N\u015eAAT ANON\u0130M \u015e\u0130RKET\u0130<\/td><\/tr><tr><td>Sat\u0131c\u0131 Adresi<\/td><td>Cumhuriyet Mahallesi E90 Karayolu Kenar\u0131 K\u00fcme Evleri No:24 Sincan\/ANKARA<\/td><\/tr><tr><td>Sat\u0131c\u0131 Mersis Numaras\u0131<\/td><td>0777092470000001<\/td><\/tr><tr><td>Sat\u0131c\u0131 Vergi Kimlik Numaras\u0131<\/td><td>7770924700<\/td><\/tr><tr><td>Sat\u0131c\u0131 Telefonu<\/td><td>+90 850 420 44 44<\/td><\/tr><tr><td>Sat\u0131c\u0131 Faks Numaras\u0131<\/td><td>+90312 646 50 70<\/td><\/tr><tr><td>Sat\u0131c\u0131 \u015eik\u00e2yet\/\u00d6neri Kanallar\u0131<\/td><td>+90 850 420 44 44 telefon numaras\u0131 \u00fczerinden ve Platform\u2019da yer alan \u0130leti\u015fim sayfas\u0131ndaki formdan \u015fikayet ve \u00f6neriler iletilebilecektir.<\/td><\/tr><\/tbody><\/table><\/figure>\n\n\n\n<p style=\"font-size:16px\"><\/p>","protected":false},"excerpt":{"rendered":"<p>\u00d6N B\u0130LG\u0130LEND\u0130RME FORMU \u0130\u015fbu \u00d6n Bilgilendirme Formu\u2019nun konusu, Al\u0131c\u0131 ve Sat\u0131c\u0131 aras\u0131ndaki S\u00f6zle\u015fme\u2019ye ili\u015fkin Kanun ve Y\u00f6netmelik h\u00fck\u00fcmleri uyar\u0131nca bilgilendirilmesidir.<\/p>","protected":false},"author":2,"featured_media":0,"parent":0,"menu_order":0,"comment_status":"closed","ping_status":"open","template":"","meta":{"footnotes":""},"class_list":["post-20724","page","type-page","status-publish","hentry"],"_links":{"self":[{"href":"https:\/\/soyutwind.com\/en\/wp-json\/wp\/v2\/pages\/20724","targetHints":{"allow":["GET"]}}],"collection":[{"href":"https:\/\/soyutwind.com\/en\/wp-json\/wp\/v2\/pages"}],"about":[{"href":"https:\/\/soyutwind.com\/en\/wp-json\/wp\/v2\/types\/page"}],"author":[{"embeddable":true,"href":"https:\/\/soyutwind.com\/en\/wp-json\/wp\/v2\/users\/2"}],"replies":[{"embeddable":true,"href":"https:\/\/soyutwind.com\/en\/wp-json\/wp\/v2\/comments?post=20724"}],"version-history":[{"count":0,"href":"https:\/\/soyutwind.com\/en\/wp-json\/wp\/v2\/pages\/20724\/revisions"}],"wp:attachment":[{"href":"https:\/\/soyutwind.com\/en\/wp-json\/wp\/v2\/media?parent=20724"}],"curies":[{"name":"wp","href":"https:\/\/api.w.org\/{rel}","templated":true}]}}