{"id":22616,"date":"2026-04-14T12:10:27","date_gmt":"2026-04-14T09:10:27","guid":{"rendered":"https:\/\/soyutwind.com\/?page_id=22616"},"modified":"2026-04-15T12:20:41","modified_gmt":"2026-04-15T09:20:41","slug":"video-galerisi","status":"publish","type":"page","link":"https:\/\/soyutwind.com\/en\/video-galerisi\/","title":{"rendered":"Video Galerisi"},"content":{"rendered":"<div class=\"wp-block-wd-section color-scheme-light wd-7a72c85c wd-align-s-center\">\n<div class=\"wp-block-wd-container wd-dir-col wd-align-is-lg-center wd-4ed86cdf\">\n<h2 class=\"wp-block-wd-title title wd-align wd-b17f3ba8 wd-align-s-center\">Soyut Wind Video Galerisi<\/h2>\n<\/div>\n<\/div>\n\n\n\n<div class=\"wp-block-wd-row wd-b0ef7de6\">\n<div class=\"wp-block-wd-column wd-align wd-e318c7a8\">\n<p class=\"wp-block-wd-paragraph wd-align wd-cf716c02 wd-custom-width\">R\u00fczgar t\u00fcrbinleri, r\u00fczgar su pompalar\u0131, saha uygulamalar\u0131 ve \u00fcretim s\u00fcre\u00e7lerine ait video i\u00e7eriklerimizi bu sayfada bir araya getiriyoruz.<\/p>\n<\/div>\n<\/div>\n\n\n\n<div class=\"wp-block-wd-row wd-e7ac3d81\">\n<div class=\"wp-block-wd-column wd-93a6c0e7\">\n<div class=\"wp-block-wd-video wd-el-video wd-action-without wd-video-hosted wd-with-aspect-ratio wd-b0674746\"><video playsinline controls data-poster=\"https:\/\/soyutwind.com\/wp-content\/uploads\/2026\/04\/ankara-gece-50kw-ruzgar-turbini-soyutwind.webp\" preload=\"metadata\" src=\"https:\/\/soyutwind.com\/wp-content\/uploads\/2026\/04\/17892212391288273.mp4\"><\/video><\/div>\n<\/div>\n\n\n\n<div class=\"wp-block-wd-column wd-19a6d408\">\n<div class=\"wp-block-wd-video wd-el-video wd-action-without wd-video-hosted wd-with-aspect-ratio wd-2b2924eb\"><video playsinline controls data-poster=\"https:\/\/soyutwind.com\/wp-content\/uploads\/2026\/04\/soyutwind-yerli-muhendislik-yuksek-verim.webp\" preload=\"metadata\" src=\"https:\/\/soyutwind.com\/wp-content\/uploads\/2026\/04\/18089991278279254.mp4\"><\/video><\/div>\n<\/div>\n\n\n\n<div class=\"wp-block-wd-column wd-fc18c201\">\n<div class=\"wp-block-wd-video wd-el-video wd-action-without wd-video-hosted wd-with-aspect-ratio wd-4e32ff69\"><video playsinline controls data-poster=\"https:\/\/soyutwind.com\/wp-content\/uploads\/2026\/04\/yozgat-soyut-windmill-ruzgar-su-pompasi.webp\" preload=\"metadata\" src=\"https:\/\/soyutwind.com\/wp-content\/uploads\/2026\/04\/18055490816413127.mp4\"><\/video><\/div>\n<\/div>\n\n\n\n<div class=\"wp-block-wd-column wd-8ef12263\">\n<div class=\"wp-block-wd-video wd-el-video wd-action-without wd-video-hosted wd-with-aspect-ratio wd-194117d1\"><video playsinline controls data-poster=\"https:\/\/soyutwind.com\/wp-content\/uploads\/2026\/04\/ankara-50kw-ruzgar-turbini-soyutwind.webp\" preload=\"metadata\" src=\"https:\/\/soyutwind.com\/wp-content\/uploads\/2026\/04\/17862983028486023.mp4\"><\/video><\/div>\n<\/div>\n<\/div>\n\n\n\n<div class=\"wp-block-wd-row wd-f28c29da\">\n<div class=\"wp-block-wd-column wd-ea6e737f\">\n<div class=\"wp-block-wd-video wd-el-video wd-action-without wd-video-hosted wd-with-aspect-ratio wd-84379f19\"><video playsinline controls preload=\"metadata\" src=\"https:\/\/soyutwind.com\/wp-content\/uploads\/2026\/04\/17994670658903776.mp4\"><\/video><\/div>\n<\/div>\n\n\n\n<div class=\"wp-block-wd-column wd-4872a557\">\n<div class=\"wp-block-wd-video wd-el-video wd-action-without wd-video-hosted wd-with-aspect-ratio wd-b9b77101\"><video playsinline controls preload=\"metadata\" src=\"https:\/\/soyutwind.com\/wp-content\/uploads\/2026\/04\/18054797351654957.mp4\"><\/video><\/div>\n<\/div>\n\n\n\n<div class=\"wp-block-wd-column wd-4b3f6135\">\n<div class=\"wp-block-wd-video wd-el-video wd-action-without wd-video-hosted wd-with-aspect-ratio wd-12f3a76d\"><video playsinline controls preload=\"metadata\" src=\"https:\/\/soyutwind.com\/wp-content\/uploads\/2026\/04\/18104191543658757.mp4\"><\/video><\/div>\n<\/div>\n\n\n\n<div class=\"wp-block-wd-column wd-009e721c\">\n<div class=\"wp-block-wd-video wd-el-video wd-action-without wd-video-hosted wd-with-aspect-ratio wd-16ea384e\"><video playsinline controls preload=\"metadata\" src=\"https:\/\/soyutwind.com\/wp-content\/uploads\/2026\/04\/18241219342295709.mp4\"><\/video><\/div>\n<\/div>\n<\/div>\n\n\n\n<div class=\"wp-block-wd-row wd-72d5f851\">\n<div class=\"wp-block-wd-column wd-ca9d5230\">\n<div class=\"wp-block-wd-video wd-el-video wd-action-without wd-video-hosted wd-with-aspect-ratio wd-16b343b3\"><video playsinline controls preload=\"metadata\" src=\"https:\/\/soyutwind.com\/wp-content\/uploads\/2026\/04\/18077059190319747.mp4\"><\/video><\/div>\n<\/div>\n\n\n\n<div class=\"wp-block-wd-column wd-f272e2d9\">\n<div class=\"wp-block-wd-video wd-el-video wd-action-without wd-video-hosted wd-with-aspect-ratio wd-360c906a\"><video playsinline controls preload=\"metadata\" src=\"https:\/\/soyutwind.com\/wp-content\/uploads\/2026\/04\/18536413948012779.mp4\"><\/video><\/div>\n<\/div>\n\n\n\n<div class=\"wp-block-wd-column wd-d3014e16\">\n<div class=\"wp-block-wd-video wd-el-video wd-action-without wd-video-hosted wd-with-aspect-ratio wd-5fe8260f\"><video playsinline controls preload=\"metadata\" src=\"https:\/\/soyutwind.com\/wp-content\/uploads\/2026\/04\/30KW_Turkmenistan_Reels.mp4\"><\/video><\/div>\n<\/div>\n\n\n\n<div class=\"wp-block-wd-column wd-5e319c1a\">\n<div class=\"wp-block-wd-video wd-el-video wd-action-without wd-video-hosted wd-with-aspect-ratio wd-6910bf59\"><video playsinline controls preload=\"metadata\" src=\"https:\/\/soyutwind.com\/wp-content\/uploads\/2026\/04\/18061951754252978.mp4\"><\/video><\/div>\n<\/div>\n<\/div>\n\n\n\n<div class=\"wp-block-wd-row wd-0dfbfa30\">\n<div class=\"wp-block-wd-column wd-85ae009a\">\n<div class=\"wp-block-wd-video wd-el-video wd-action-without wd-video-hosted wd-with-aspect-ratio wd-7426155a\"><video playsinline controls preload=\"metadata\" src=\"https:\/\/soyutwind.com\/wp-content\/uploads\/2026\/04\/18092810707631833.mp4\"><\/video><\/div>\n<\/div>\n\n\n\n<div class=\"wp-block-wd-column wd-650fe7e9\">\n<div class=\"wp-block-wd-video wd-el-video wd-action-without wd-video-hosted wd-with-aspect-ratio wd-cfc93c25\"><video playsinline controls preload=\"metadata\" src=\"https:\/\/soyutwind.com\/wp-content\/uploads\/2026\/04\/18298405381217428.mp4\"><\/video><\/div>\n<\/div>\n\n\n\n<div class=\"wp-block-wd-column wd-59d98f98\">\n<div class=\"wp-block-wd-video wd-el-video wd-action-without wd-video-hosted wd-with-aspect-ratio wd-86ee927c\"><video playsinline controls preload=\"metadata\" src=\"https:\/\/soyutwind.com\/wp-content\/uploads\/2026\/04\/18088818541632968.mp4\"><\/video><\/div>\n<\/div>\n\n\n\n<div class=\"wp-block-wd-column wd-22161eeb\">\n<div class=\"wp-block-wd-video wd-el-video wd-action-without wd-video-hosted wd-with-aspect-ratio wd-1a0698d5\"><video playsinline controls preload=\"metadata\" src=\"https:\/\/soyutwind.com\/wp-content\/uploads\/2026\/04\/18309420811227919.mp4\"><\/video><\/div>\n<\/div>\n<\/div>\n\n\n\n<div class=\"wp-block-wd-row wd-6f1179d2\">\n<div class=\"wp-block-wd-column wd-98fa2299\">\n<div class=\"wp-block-wd-video wd-el-video wd-action-without wd-video-hosted wd-with-aspect-ratio wd-aeb43041\"><video playsinline controls preload=\"metadata\" src=\"https:\/\/soyutwind.com\/wp-content\/uploads\/2026\/04\/18127372684432024.mp4\"><\/video><\/div>\n<\/div>\n\n\n\n<div class=\"wp-block-wd-column wd-a3a5623c\">\n<div class=\"wp-block-wd-video wd-el-video wd-action-without wd-video-hosted wd-with-aspect-ratio wd-94c23078\"><video playsinline controls preload=\"metadata\" src=\"https:\/\/soyutwind.com\/wp-content\/uploads\/2026\/04\/18312818779228596.mp4\"><\/video><\/div>\n<\/div>\n\n\n\n<div class=\"wp-block-wd-column wd-d99c1f06\">\n<div class=\"wp-block-wd-video wd-el-video wd-action-without wd-video-hosted wd-with-aspect-ratio wd-3062de45\"><video playsinline controls preload=\"metadata\" src=\"https:\/\/soyutwind.com\/wp-content\/uploads\/2026\/04\/18115578121461054.mp4\"><\/video><\/div>\n<\/div>\n\n\n\n<div class=\"wp-block-wd-column wd-d54e89d5\">\n<div class=\"wp-block-wd-video wd-el-video wd-action-without wd-video-hosted wd-with-aspect-ratio wd-416d1e1f\"><video playsinline controls preload=\"metadata\" src=\"https:\/\/soyutwind.com\/wp-content\/uploads\/2026\/04\/18061300439000367.mp4\"><\/video><\/div>\n<\/div>\n<\/div>\n\n\n\n<div class=\"wp-block-wd-row wd-7721a4a1\">\n<div class=\"wp-block-wd-column wd-3b6d5bce\">\n<div class=\"wp-block-wd-video wd-el-video wd-action-without wd-video-hosted wd-with-aspect-ratio wd-b4b2148f\"><video playsinline controls preload=\"metadata\" src=\"https:\/\/soyutwind.com\/wp-content\/uploads\/2026\/04\/18056966818880129.mp4\"><\/video><\/div>\n<\/div>\n\n\n\n<div class=\"wp-block-wd-column wd-7af2b811\">\n<div class=\"wp-block-wd-video wd-el-video wd-action-without wd-video-hosted wd-with-aspect-ratio wd-ec2458a6\"><video playsinline controls preload=\"metadata\" src=\"https:\/\/soyutwind.com\/wp-content\/uploads\/2026\/04\/18051896285034924.mp4\"><\/video><\/div>\n<\/div>\n\n\n\n<div class=\"wp-block-wd-column wd-d37b54c1\">\n<div class=\"wp-block-wd-video wd-el-video wd-action-without wd-video-hosted wd-with-aspect-ratio wd-e29c8ec0\"><video playsinline controls preload=\"metadata\" src=\"https:\/\/soyutwind.com\/wp-content\/uploads\/2026\/04\/18042861845030261.mp4\"><\/video><\/div>\n<\/div>\n\n\n\n<div class=\"wp-block-wd-column wd-a257cc07\">\n<div class=\"wp-block-wd-video wd-el-video wd-action-without wd-video-hosted wd-with-aspect-ratio wd-e523e1e5\"><video playsinline controls preload=\"metadata\" src=\"https:\/\/soyutwind.com\/wp-content\/uploads\/2026\/04\/18062354209681389.mp4\"><\/video><\/div>\n<\/div>\n<\/div>\n\n\n\n<div class=\"wp-block-wd-row wd-44c96e26\">\n<div class=\"wp-block-wd-column wd-81458630\">\n<div class=\"wp-block-wd-video wd-el-video wd-action-without wd-video-hosted wd-with-aspect-ratio wd-1eee5e89\"><video playsinline controls preload=\"metadata\" src=\"https:\/\/soyutwind.com\/wp-content\/uploads\/2026\/04\/18063663757771556.mp4\"><\/video><\/div>\n<\/div>\n\n\n\n<div class=\"wp-block-wd-column wd-5e214257\">\n<div class=\"wp-block-wd-video wd-el-video wd-action-without wd-video-hosted wd-with-aspect-ratio wd-7e7470d0\"><video playsinline controls preload=\"metadata\" src=\"https:\/\/soyutwind.com\/wp-content\/uploads\/2026\/04\/17964219656810043.mp4\"><\/video><\/div>\n<\/div>\n\n\n\n<div class=\"wp-block-wd-column wd-2840632f\">\n<div class=\"wp-block-wd-video wd-el-video wd-action-without wd-video-hosted wd-with-aspect-ratio wd-dec13c92\"><video playsinline controls preload=\"metadata\" src=\"https:\/\/soyutwind.com\/wp-content\/uploads\/2026\/04\/18036871490265261.mp4\"><\/video><\/div>\n<\/div>\n\n\n\n<div class=\"wp-block-wd-column wd-336f57b1\">\n<div class=\"wp-block-wd-video wd-el-video wd-action-without wd-video-hosted wd-with-aspect-ratio wd-e99a36bf\"><video playsinline controls preload=\"metadata\" src=\"https:\/\/soyutwind.com\/wp-content\/uploads\/2026\/04\/18344921398134496.mp4\"><\/video><\/div>\n<\/div>\n<\/div>\n\n\n\n<div class=\"wp-block-wd-row wd-c6ca6624\">\n<div class=\"wp-block-wd-column wd-83e7b850\">\n<div class=\"wp-block-wd-video wd-el-video wd-action-without wd-video-hosted wd-with-aspect-ratio wd-dfeaa4e2\"><video playsinline controls preload=\"metadata\" src=\"https:\/\/soyutwind.com\/wp-content\/uploads\/2026\/04\/18283883767239852.mp4\"><\/video><\/div>\n<\/div>\n\n\n\n<div class=\"wp-block-wd-column wd-be645d7a\">\n<div class=\"wp-block-wd-video wd-el-video wd-action-without wd-video-hosted wd-with-aspect-ratio wd-dc0ffd9f\"><video playsinline controls preload=\"metadata\" src=\"https:\/\/soyutwind.com\/wp-content\/uploads\/2026\/04\/17927254187921690.mp4\"><\/video><\/div>\n<\/div>\n\n\n\n<div class=\"wp-block-wd-column wd-9b60c2e1\">\n<div class=\"wp-block-wd-video wd-el-video wd-action-without wd-video-hosted wd-with-aspect-ratio wd-a1b40d3a\"><video playsinline controls preload=\"metadata\" src=\"https:\/\/soyutwind.com\/wp-content\/uploads\/2026\/04\/18050554036827987.mp4\"><\/video><\/div>\n<\/div>\n\n\n\n<div class=\"wp-block-wd-column wd-e12a64e3\">\n<div class=\"wp-block-wd-video wd-el-video wd-action-without wd-video-hosted wd-with-aspect-ratio wd-420102de\"><video playsinline controls preload=\"metadata\" src=\"https:\/\/soyutwind.com\/wp-content\/uploads\/2026\/04\/18260209315219618.mp4\"><\/video><\/div>\n<\/div>\n<\/div>\n\n\n\n<div class=\"wp-block-wd-row wd-aa68c8a2\">\n<div class=\"wp-block-wd-column wd-2033f9d4\">\n<div class=\"wp-block-wd-video wd-el-video wd-action-without wd-video-hosted wd-with-aspect-ratio wd-2d927002\"><video playsinline controls preload=\"metadata\" src=\"https:\/\/soyutwind.com\/wp-content\/uploads\/2026\/04\/18091962061436033.mp4\"><\/video><\/div>\n<\/div>\n\n\n\n<div class=\"wp-block-wd-column wd-fac59fd7\">\n<div class=\"wp-block-wd-video wd-el-video wd-action-without wd-video-hosted wd-with-aspect-ratio wd-377ab55a\"><video playsinline controls preload=\"metadata\" src=\"https:\/\/soyutwind.com\/wp-content\/uploads\/2026\/04\/17908395107926381.mp4\"><\/video><\/div>\n<\/div>\n\n\n\n<div class=\"wp-block-wd-column wd-8ad06c73\">\n<div class=\"wp-block-wd-video wd-el-video wd-action-without wd-video-hosted wd-with-aspect-ratio wd-ea49bd10\"><video playsinline controls preload=\"metadata\" src=\"https:\/\/soyutwind.com\/wp-content\/uploads\/2026\/04\/18000097790208238.mp4\"><\/video><\/div>\n<\/div>\n\n\n\n<div class=\"wp-block-wd-column wd-ca4483d0\">\n<div class=\"wp-block-wd-video wd-el-video wd-action-without wd-video-hosted wd-with-aspect-ratio wd-6b547ef7\"><video playsinline controls preload=\"metadata\" src=\"https:\/\/soyutwind.com\/wp-content\/uploads\/2026\/04\/18196447144303476.mp4\"><\/video><\/div>\n<\/div>\n<\/div>\n\n\n\n<div class=\"wp-block-wd-row wd-38015271\">\n<div class=\"wp-block-wd-column wd-325999da\">\n<div class=\"wp-block-wd-video wd-el-video wd-action-without wd-video-hosted wd-with-aspect-ratio wd-c9f568f3\"><video playsinline controls preload=\"metadata\" src=\"https:\/\/soyutwind.com\/wp-content\/uploads\/2026\/04\/18029991127781017.mp4\"><\/video><\/div>\n<\/div>\n\n\n\n<div class=\"wp-block-wd-column wd-33a5ce08\">\n<div class=\"wp-block-wd-video wd-el-video wd-action-without wd-video-hosted wd-with-aspect-ratio wd-720d94dd\"><video playsinline controls preload=\"metadata\" src=\"https:\/\/soyutwind.com\/wp-content\/uploads\/2026\/04\/18041601031549600.mp4\"><\/video><\/div>\n<\/div>\n\n\n\n<div class=\"wp-block-wd-column wd-9871e6a0\">\n<div class=\"wp-block-wd-video wd-el-video wd-action-without wd-video-hosted wd-with-aspect-ratio wd-768b3d63\"><video playsinline controls preload=\"metadata\" src=\"https:\/\/soyutwind.com\/wp-content\/uploads\/2026\/04\/17976733157216228.mp4\"><\/video><\/div>\n<\/div>\n\n\n\n<div class=\"wp-block-wd-column wd-19b0ee22\">\n<div class=\"wp-block-wd-video wd-el-video wd-action-without wd-video-hosted wd-with-aspect-ratio wd-1a62f828\"><video playsinline controls preload=\"metadata\" src=\"https:\/\/soyutwind.com\/wp-content\/uploads\/2026\/04\/17969238452450571.mp4\"><\/video><\/div>\n<\/div>\n<\/div>\n\n\n\n<div class=\"wp-block-wd-row wd-3655a8fd\">\n<div class=\"wp-block-wd-column wd-b92e00f4\">\n<div class=\"wp-block-wd-video wd-el-video wd-action-without wd-video-hosted wd-with-aspect-ratio wd-8cdd3f2c\"><video playsinline controls preload=\"metadata\" src=\"https:\/\/soyutwind.com\/wp-content\/uploads\/2026\/04\/18372198262046634.mp4\"><\/video><\/div>\n<\/div>\n\n\n\n<div class=\"wp-block-wd-column wd-d98a156b\">\n<div class=\"wp-block-wd-video wd-el-video wd-action-without wd-video-hosted wd-with-aspect-ratio wd-fb56fefe\"><video playsinline controls preload=\"metadata\" src=\"https:\/\/soyutwind.com\/wp-content\/uploads\/2026\/04\/17935074211773332.mp4\"><\/video><\/div>\n<\/div>\n\n\n\n<div class=\"wp-block-wd-column wd-9804f75a\">\n<div class=\"wp-block-wd-video wd-el-video wd-action-without wd-video-hosted wd-with-aspect-ratio wd-e6703257\"><video playsinline controls preload=\"metadata\" src=\"https:\/\/soyutwind.com\/wp-content\/uploads\/2026\/04\/17916466247096236.mp4\"><\/video><\/div>\n<\/div>\n\n\n\n<div class=\"wp-block-wd-column wd-041a5155\"><\/div>\n<\/div>","protected":false},"excerpt":{"rendered":"","protected":false},"author":2,"featured_media":0,"parent":0,"menu_order":0,"comment_status":"closed","ping_status":"closed","template":"","meta":{"footnotes":""},"class_list":["post-22616","page","type-page","status-publish","hentry"],"_links":{"self":[{"href":"https:\/\/soyutwind.com\/en\/wp-json\/wp\/v2\/pages\/22616","targetHints":{"allow":["GET"]}}],"collection":[{"href":"https:\/\/soyutwind.com\/en\/wp-json\/wp\/v2\/pages"}],"about":[{"href":"https:\/\/soyutwind.com\/en\/wp-json\/wp\/v2\/types\/page"}],"author":[{"embeddable":true,"href":"https:\/\/soyutwind.com\/en\/wp-json\/wp\/v2\/users\/2"}],"replies":[{"embeddable":true,"href":"https:\/\/soyutwind.com\/en\/wp-json\/wp\/v2\/comments?post=22616"}],"version-history":[{"count":43,"href":"https:\/\/soyutwind.com\/en\/wp-json\/wp\/v2\/pages\/22616\/revisions"}],"predecessor-version":[{"id":22850,"href":"https:\/\/soyutwind.com\/en\/wp-json\/wp\/v2\/pages\/22616\/revisions\/22850"}],"wp:attachment":[{"href":"https:\/\/soyutwind.com\/en\/wp-json\/wp\/v2\/media?parent=22616"}],"curies":[{"name":"wp","href":"https:\/\/api.w.org\/{rel}","templated":true}]}}