{"id":17041,"date":"2024-03-04T04:21:44","date_gmt":"2024-03-04T01:21:44","guid":{"rendered":"https:\/\/yeni.soyutwind.com\/?post_type=product&#038;p=17041"},"modified":"2025-08-01T01:39:54","modified_gmt":"2025-07-31T22:39:54","slug":"soyut-30-kw-ruzgar-turbini","status":"publish","type":"product","link":"https:\/\/soyutwind.com\/en\/product\/soyut-30-kw-ruzgar-turbini\/","title":{"rendered":"Soyut 30 kW Wind Turbine"},"content":{"rendered":"<div data-elementor-type=\"wp-post\" data-elementor-id=\"17041\" class=\"elementor elementor-17041\">\n\t\t\t\t<div class=\"wd-negative-gap elementor-element elementor-element-21f4de3 e-flex e-con-boxed e-con e-parent\" data-id=\"21f4de3\" data-element_type=\"container\" data-e-type=\"container\">\n\t\t\t\t\t<div class=\"e-con-inner\">\n\t\t<div class=\"elementor-element elementor-element-4916de3 e-con-full e-flex e-con e-child\" data-id=\"4916de3\" data-element_type=\"container\" data-e-type=\"container\">\n\t\t\t\t<div class=\"elementor-element elementor-element-fe272f2 elementor-widget elementor-widget-wd_text_block\" data-id=\"fe272f2\" data-element_type=\"widget\" data-e-type=\"widget\" data-widget_type=\"wd_text_block.default\">\n\t\t\t\t<div class=\"elementor-widget-container\">\n\t\t\t\t\t\t\t<div class=\"wd-text-block reset-last-child text-left\">\n\t\t\t\n\t\t\t<h4>Home Wind Turbines:<\/h4><h4>Affordable, Unlimited, and Clean Energy<\/h4><p><img decoding=\"async\" class=\"wd-lazy-fade alignnone wp-image-19507\" src=\"https:\/\/soyutwind.com\/wp-content\/themes\/woodmart\/images\/lazy.svg\" data-src=\"https:\/\/soyutwind.com\/wp-content\/uploads\/2024\/03\/soyutwind-logo-buyuk-400x107.webp\" alt=\"\" width=\"116\" height=\"31\" title=\"\" srcset=\"\" data-srcset=\"https:\/\/soyutwind.com\/wp-content\/uploads\/2024\/03\/soyutwind-logo-buyuk-400x107.webp 400w, https:\/\/soyutwind.com\/wp-content\/uploads\/2024\/03\/soyutwind-logo-buyuk-1300x348.webp 1300w, https:\/\/soyutwind.com\/wp-content\/uploads\/2024\/03\/soyutwind-logo-buyuk-768x205.webp 768w, https:\/\/soyutwind.com\/wp-content\/uploads\/2024\/03\/soyutwind-logo-buyuk-1536x411.webp 1536w, https:\/\/soyutwind.com\/wp-content\/uploads\/2024\/03\/soyutwind-logo-buyuk-2048x548.webp 2048w, https:\/\/soyutwind.com\/wp-content\/uploads\/2024\/03\/soyutwind-logo-buyuk-430x115.webp 430w, https:\/\/soyutwind.com\/wp-content\/uploads\/2024\/03\/soyutwind-logo-buyuk-700x187.webp 700w, https:\/\/soyutwind.com\/wp-content\/uploads\/2024\/03\/soyutwind-logo-buyuk-150x40.webp 150w\" sizes=\"(max-width: 116px) 100vw, 116px\" \/> Residential wind turbines provide access to sustainable and renewable energy, allowing you to achieve energy independence. With advanced aerodynamic design and high energy conversion rates, they offer an ideal solution to meet your home's energy needs.<\/p><p>This innovative and eco-friendly system helps you significantly reduce your energy costs by generating your own electricity.<\/p>\n\t\t\t\t\t<\/div>\n\t\t\t\t\t\t<\/div>\n\t\t\t\t<\/div>\n\t\t\t\t<\/div>\n\t\t<div class=\"elementor-element elementor-element-1e0d395 e-con-full e-flex e-con e-child\" data-id=\"1e0d395\" data-element_type=\"container\" data-e-type=\"container\">\n\t\t\t\t<div class=\"elementor-element elementor-element-bc5112b color-scheme-inherit text-left elementor-widget elementor-widget-text-editor\" data-id=\"bc5112b\" data-element_type=\"widget\" data-e-type=\"widget\" data-widget_type=\"text-editor.default\">\n\t\t\t\t<div class=\"elementor-widget-container\">\n\t\t\t\t\t\t\t\t\t<h4>30 kw Wind Turbine Product Features<\/h4><ul class=\"unordered-list\"><li class=\"translation-block\"><strong>Power Capacity:<\/strong> The <strong>30 kW wind turbine<\/strong> is ideal for residential use.<\/li><li class=\"translation-block\"><strong>Energy Storage:<\/strong> The battery system allows you to store the energy generated and use it when needed.<\/li><li class=\"translation-block\"><strong>High Efficiency:<\/strong> Equipped with permanent magnet generator (PMG) technology, it can <strong>generate energy even at low wind speeds.<\/strong><\/li><li class=\"translation-block\"><strong>User-Friendly Installation:<\/strong> The self-assembling design offers easy installation and minimal maintenance requirements.<\/li><\/ul>\t\t\t\t\t\t\t\t<\/div>\n\t\t\t\t<\/div>\n\t\t\t\t<\/div>\n\t\t<div class=\"elementor-element elementor-element-11f8056 e-con-full e-flex e-con e-child\" data-id=\"11f8056\" data-element_type=\"container\" data-e-type=\"container\">\n\t\t\t\t<div class=\"elementor-element elementor-element-3cd2492 elementor-widget elementor-widget-wd_text_block\" data-id=\"3cd2492\" data-element_type=\"widget\" data-e-type=\"widget\" data-widget_type=\"wd_text_block.default\">\n\t\t\t\t<div class=\"elementor-widget-container\">\n\t\t\t\t\t\t\t<div class=\"wd-text-block reset-last-child text-left\">\n\t\t\t\n\t\t\t<h4>LONG LIFE AND DURABLE<\/h4><p>Quality materials and advanced production techniques ensure long-lasting use.<\/p><h4><strong>COST SAVINGS<\/strong><\/h4><p>Achieve significant savings on your electricity bills with high energy conversion rates. The initial investment pays off over time, offering you continuous savings.<\/p><h4><strong>ENERGY SECURITY<\/strong><\/h4><p>Ensure uninterrupted energy flow for your home and family. With SoyutWind, you guarantee reliable energy production under all weather conditions.<\/p>\n\t\t\t\t\t<\/div>\n\t\t\t\t\t\t<\/div>\n\t\t\t\t<\/div>\n\t\t\t\t<\/div>\n\t\t\t\t\t<\/div>\n\t\t\t\t<\/div>\n\t\t\t\t<section class=\"wd-negative-gap elementor-section elementor-top-section elementor-element elementor-element-65ea5b63 elementor-section-content-top elementor-section-full_width wd-section-stretch elementor-section-height-default elementor-section-height-default\" data-id=\"65ea5b63\" data-element_type=\"section\" data-e-type=\"section\" data-settings=\"{&quot;background_background&quot;:&quot;classic&quot;}\">\n\t\t\t\t\t\t<div class=\"elementor-container elementor-column-gap-default\">\n\t\t\t\t\t<div class=\"elementor-column elementor-col-50 elementor-top-column elementor-element elementor-element-15db9ad3\" data-id=\"15db9ad3\" data-element_type=\"column\" data-e-type=\"column\">\n\t\t\t<div class=\"elementor-widget-wrap elementor-element-populated\">\n\t\t\t\t\t\t<div class=\"elementor-element elementor-element-cd0d69a wd-width-100 elementor-widget elementor-widget-wd_title\" data-id=\"cd0d69a\" data-element_type=\"widget\" data-e-type=\"widget\" data-widget_type=\"wd_title.default\">\n\t\t\t\t<div class=\"elementor-widget-container\">\n\t\t\t\t\t\t\t<div class=\"title-wrapper wd-set-mb reset-last-child wd-title-color-default wd-title-style-default wd-title-size-default text-center\">\n\n\t\t\t\n\t\t\t<div class=\"liner-continer\">\n\t\t\t\t<h2 class=\"woodmart-title-container title wd-fontsize-l\">30 kW R\u00fczgar T\u00fcrbini Fiyatlar\u0131 Neye G\u00f6re De\u011fi\u015fir?<\/h2> \n\t\t\t\t\t\t\t<\/div>\n\n\t\t\t\t\t<\/div>\n\t\t\t\t\t\t<\/div>\n\t\t\t\t<\/div>\n\t\t\t\t<div class=\"elementor-element elementor-element-7945d9c5 elementor-widget elementor-widget-wd_text_block\" data-id=\"7945d9c5\" data-element_type=\"widget\" data-e-type=\"widget\" data-widget_type=\"wd_text_block.default\">\n\t\t\t\t<div class=\"elementor-widget-container\">\n\t\t\t\t\t\t\t<div class=\"wd-text-block reset-last-child text-left\">\n\t\t\t\n\t\t\t<p><strong data-start=\"131\" data-end=\"165\">30 kW r\u00fczgar t\u00fcrbini fiyatlar\u0131<\/strong>, birden fazla teknik ve lojistik unsura ba\u011fl\u0131 olarak de\u011fi\u015fir. En \u00f6nemli belirleyiciler \u015funlard\u0131r:<\/p><ul data-start=\"265\" data-end=\"1446\"><li class=\"\" data-start=\"265\" data-end=\"460\"><p class=\"\" data-start=\"267\" data-end=\"460\"><strong data-start=\"267\" data-end=\"295\">T\u00fcrbin Tipi ve Tasar\u0131m\u0131:<\/strong>\u00a0 Aerodinamik yap\u0131, kanat malzemesi (kompozit, karbon fiber vs.) fiyat\u0131 etkiler.<\/p><\/li><li class=\"\" data-start=\"461\" data-end=\"674\"><p class=\"\" data-start=\"463\" data-end=\"674\"><strong data-start=\"463\" data-end=\"497\">Rotor \u00c7ap\u0131 ve Kule Y\u00fcksekli\u011fi:<\/strong> Daha b\u00fcy\u00fck rotor \u00e7ap\u0131, daha fazla enerji \u00fcretimi sa\u011flarken maliyeti de art\u0131r\u0131r. Ayn\u0131 \u015fekilde, y\u00fcksek kuleler daha stabil enerji sa\u011flar ancak yap\u0131m ve ta\u015f\u0131ma maliyeti y\u00fcksektir.<\/p><\/li><li class=\"\" data-start=\"675\" data-end=\"839\"><p class=\"\" data-start=\"677\" data-end=\"839\"><strong data-start=\"677\" data-end=\"715\">Jenerat\u00f6r ve \u0130nvert\u00f6r Teknolojisi:<\/strong> Ak\u0131ll\u0131 inverter sistemlerinin varl\u0131\u011f\u0131 gibi teknik bile\u015fenler fiyat\u0131 etkiler.<\/p><\/li><li class=\"\" data-start=\"840\" data-end=\"1006\"><p class=\"\" data-start=\"842\" data-end=\"1006\"><strong data-start=\"842\" data-end=\"865\">Kontrol Sistemleri:<\/strong> Ak\u0131ll\u0131 r\u00fczgar y\u00f6n\u00fc izleme (yaw control), frenleme sistemleri (braking systems) ve uzaktan izleme sistemleri maliyeti belirleyen unsurlard\u0131r.<\/p><\/li><li class=\"\" data-start=\"1007\" data-end=\"1172\"><p class=\"\" data-start=\"1009\" data-end=\"1172\"><strong data-start=\"1009\" data-end=\"1031\">Kurulum Lokasyonu:<\/strong> R\u00fczgar verimlili\u011fi y\u00fcksek olan b\u00f6lgeler (\u00f6rn. k\u0131y\u0131 \u015feridi veya y\u00fcksek rak\u0131mlar) ile d\u00fc\u015f\u00fck r\u00fczgarl\u0131 b\u00f6lgelerde kurulum maliyetleri farkl\u0131d\u0131r.<\/p><\/li><li class=\"\" data-start=\"1173\" data-end=\"1306\"><p class=\"\" data-start=\"1175\" data-end=\"1306\"><strong data-start=\"1175\" data-end=\"1208\">Altyap\u0131 ve \u015eebeke Ba\u011flant\u0131s\u0131:<\/strong> Temel in\u015faat\u0131 ve elektrik altyap\u0131s\u0131 yat\u0131r\u0131m maliyetini art\u0131rabilir.<\/p><\/li><\/ul>\n\t\t\t\t\t<\/div>\n\t\t\t\t\t\t<\/div>\n\t\t\t\t<\/div>\n\t\t\t\t\t<\/div>\n\t\t<\/div>\n\t\t\t\t<div class=\"elementor-column elementor-col-50 elementor-top-column elementor-element elementor-element-47478ae5\" data-id=\"47478ae5\" data-element_type=\"column\" data-e-type=\"column\">\n\t\t\t<div class=\"elementor-widget-wrap elementor-element-populated\">\n\t\t\t\t\t\t<div class=\"elementor-element elementor-element-a893436 elementor-widget elementor-widget-wd_image_or_svg\" data-id=\"a893436\" data-element_type=\"widget\" data-e-type=\"widget\" data-widget_type=\"wd_image_or_svg.default\">\n\t\t\t\t<div class=\"elementor-widget-container\">\n\t\t\t\t\t\n\t\t<div class=\"wd-image text-left\">\n\t\t\t\t\t\t\t\t<img decoding=\"async\" width=\"1200\" height=\"1200\" src=\"https:\/\/soyutwind.com\/wp-content\/uploads\/2024\/03\/30-kw-ruzgar-turbini-fiyatlari-soyutwind.webp\" class=\"attachment-full size-full\" alt=\"30 kW r\u00fczgar t\u00fcrbini fiyatlar\u0131\" srcset=\"https:\/\/soyutwind.com\/wp-content\/uploads\/2024\/03\/30-kw-ruzgar-turbini-fiyatlari-soyutwind.webp 1200w, https:\/\/soyutwind.com\/wp-content\/uploads\/2024\/03\/30-kw-ruzgar-turbini-fiyatlari-soyutwind-300x300.webp 300w, https:\/\/soyutwind.com\/wp-content\/uploads\/2024\/03\/30-kw-ruzgar-turbini-fiyatlari-soyutwind-800x800.webp 800w, https:\/\/soyutwind.com\/wp-content\/uploads\/2024\/03\/30-kw-ruzgar-turbini-fiyatlari-soyutwind-150x150.webp 150w, https:\/\/soyutwind.com\/wp-content\/uploads\/2024\/03\/30-kw-ruzgar-turbini-fiyatlari-soyutwind-768x768.webp 768w, https:\/\/soyutwind.com\/wp-content\/uploads\/2024\/03\/30-kw-ruzgar-turbini-fiyatlari-soyutwind-12x12.webp 12w, https:\/\/soyutwind.com\/wp-content\/uploads\/2024\/03\/30-kw-ruzgar-turbini-fiyatlari-soyutwind-430x430.webp 430w, https:\/\/soyutwind.com\/wp-content\/uploads\/2024\/03\/30-kw-ruzgar-turbini-fiyatlari-soyutwind-700x700.webp 700w\" sizes=\"(max-width: 1200px) 100vw, 1200px\" title=\"\">\t\t\t\t\t<\/div>\n\n\t\t\t\t\t\t<\/div>\n\t\t\t\t<\/div>\n\t\t\t\t\t<\/div>\n\t\t<\/div>\n\t\t\t\t\t<\/div>\n\t\t<\/section>\n\t\t\t\t<\/div>","protected":false},"excerpt":{"rendered":"<p class=\"translation-block\">If you are looking for an ideal, environmentally friendly and renewable energy source for your home, the <strong>30 kW wind turbine<\/strong> with battery system is the perfect option. With its high efficiency and user-friendly design, this self-generating wind turbine offers everything you need for a sustainable lifestyle.<\/p>\n<p style=\"text-align: center;\">\t\t\t<link rel=\"stylesheet\" id=\"elementor-post-17610-css\" href=\"https:\/\/soyutwind.com\/wp-content\/uploads\/elementor\/css\/post-17610.css?ver=1776466466\" type=\"text\/css\" media=\"all\">\n<div data-elementor-type=\"wp-post\" data-elementor-id=\"17610\" class=\"elementor elementor-17610\">\n<section class=\"wd-negative-gap elementor-section elementor-top-section elementor-element elementor-element-1973262f elementor-section-boxed elementor-section-height-default elementor-section-height-default\" data-id=\"1973262f\" data-element_type=\"section\" data-e-type=\"section\">\n<div class=\"elementor-container elementor-column-gap-default\">\n<div class=\"elementor-column elementor-col-100 elementor-top-column elementor-element elementor-element-3a625647\" data-id=\"3a625647\" data-element_type=\"column\" data-e-type=\"column\">\n<div class=\"elementor-widget-wrap elementor-element-populated\">\n<div class=\"elementor-element elementor-element-2e8d704c wd-width-100 elementor-widget elementor-widget-wd_title\" data-id=\"2e8d704c\" data-element_type=\"widget\" data-e-type=\"widget\" data-widget_type=\"wd_title.default\">\n<div class=\"elementor-widget-container\">\n<div class=\"title-wrapper wd-set-mb reset-last-child wd-title-color-default wd-title-style-default wd-title-size-small text-center\">\n<div class=\"liner-continer\">\n<h4 class=\"woodmart-title-container title wd-fontsize-m translation-block\">Generate Your Own Energy! <br>\nReduce Costs and Increase Productivity<\/h4>\n<\/p><\/div>\n<\/p><\/div>\n<\/p><\/div>\n<\/p><\/div>\n<\/p><\/div>\n<\/p><\/div>\n<\/p><\/div>\n<\/section>\n<div class=\"wd-negative-gap elementor-element elementor-element-24f5ff5 e-flex e-con-boxed e-con e-parent\" data-id=\"24f5ff5\" data-element_type=\"container\" data-e-type=\"container\">\n<div class=\"e-con-inner\">\n<div class=\"elementor-element elementor-element-0d1e2b1 elementor-invisible elementor-widget elementor-widget-wd_popup\" data-id=\"0d1e2b1\" data-element_type=\"widget\" data-e-type=\"widget\" data-settings=\"{&quot;_animation&quot;:&quot;fadeIn&quot;}\" data-widget_type=\"wd_popup.default\">\n<div class=\"elementor-widget-container\">\n<div class=\"wd-button-wrapper text-center\" >\n\t\t\t<a class=\"btn btn-style-default btn-shape-round btn-size-large wd-open-popup btn-color-alt btn-icon-pos-left\"  href=\"#popup-66a54e3c94c5a\"><br \/>\n\t\t\t\t<span class=\"wd-btn-text\" data-elementor-setting-key=\"text\"><br \/>\n\t\t\t\t\tGET A QUOTE\t\t\t\t<\/span><\/p>\n<p>\t\t\t\t\t\t\t<\/a>\n\t\t<\/div>\n<div id=\"popup-66a54e3c94c5a\" class=\"mfp-hide wd-popup wd-popup-element wd-scroll-content wd-entry-content\" style=\"--wd-popup-width:700px;\">\n\t\t\t\t\t\t\t<link rel=\"stylesheet\" id=\"elementor-post-19901-css\" href=\"https:\/\/soyutwind.com\/wp-content\/uploads\/elementor\/css\/post-19901.css?ver=1776466467\" type=\"text\/css\" media=\"all\">\n<div data-elementor-type=\"wp-post\" data-elementor-id=\"19901\" class=\"elementor elementor-19901\">\n<div class=\"wd-negative-gap elementor-element elementor-element-881f749 e-flex e-con-boxed e-con e-parent\" data-id=\"881f749\" data-element_type=\"container\" data-e-type=\"container\">\n<div class=\"e-con-inner\">\n<div class=\"elementor-element elementor-element-47f359b wd-cf7 elementor-widget elementor-widget-wd_contact_form_7\" data-id=\"47f359b\" data-element_type=\"widget\" data-e-type=\"widget\" data-widget_type=\"wd_contact_form_7.default\">\n<div class=\"elementor-widget-container\">\n<div class=\"wpcf7 no-js\" id=\"wpcf7-f17614-o1\" lang=\"tr-TR\" dir=\"ltr\" data-wpcf7-id=\"17614\">\n<div class=\"screen-reader-response\">\n<p role=\"status\" aria-live=\"polite\" aria-atomic=\"true\">\n<ul><\/ul>\n<\/div>\n<form action=\"\/en\/wp-json\/wp\/v2\/product\/17041#wpcf7-f17614-o1\" method=\"post\" class=\"wpcf7-form init\" aria-label=\"Contact Form\" novalidate=\"novalidate\" data-status=\"init\" data-trp-original-action=\"\/en\/wp-json\/wp\/v2\/product\/17041#wpcf7-f17614-o1\">\n<fieldset class=\"hidden-fields-container\"><input type=\"hidden\" name=\"_wpcf7\" value=\"17614\" \/><input type=\"hidden\" name=\"_wpcf7_version\" value=\"6.1.5\" \/><input type=\"hidden\" name=\"_wpcf7_locale\" value=\"tr_TR\" \/><input type=\"hidden\" name=\"_wpcf7_unit_tag\" value=\"wpcf7-f17614-o1\" \/><input type=\"hidden\" name=\"_wpcf7_container_post\" value=\"0\" \/><input type=\"hidden\" name=\"_wpcf7_posted_data_hash\" value=\"\" \/><br \/>\n<\/fieldset>\n<div class=\"row\">\n<p class=\"col-md-6\"><label>Name Surname<\/label><span class=\"wpcf7-form-control-wrap\" data-name=\"your-name\"><input size=\"40\" maxlength=\"400\" class=\"wpcf7-form-control wpcf7-text wpcf7-validates-as-required\" aria-required=\"true\" aria-invalid=\"false\" value=\"\" type=\"text\" name=\"your-name\" \/><\/span>\n\t<\/p>\n<p class=\"col-md-6\"><label>Email<\/label><span class=\"wpcf7-form-control-wrap\" data-name=\"your-email\"><input size=\"40\" maxlength=\"400\" class=\"wpcf7-form-control wpcf7-email wpcf7-validates-as-required wpcf7-text wpcf7-validates-as-email\" aria-required=\"true\" aria-invalid=\"false\" value=\"\" type=\"email\" name=\"your-email\" \/><\/span>\n\t<\/p>\n<\/div>\n<div class=\"row\">\n<p class=\"col-md-6\"><label>Phone<\/label><span class=\"wpcf7-form-control-wrap\" data-name=\"tel-838\"><input size=\"40\" maxlength=\"400\" class=\"wpcf7-form-control wpcf7-tel wpcf7-validates-as-required wpcf7-text wpcf7-validates-as-tel\" aria-required=\"true\" aria-invalid=\"false\" value=\"\" type=\"tel\" name=\"tel-838\" \/><\/span>\n\t<\/p>\n<p class=\"col-md-6\"><label>Company<\/label><span class=\"wpcf7-form-control-wrap\" data-name=\"text-435\"><input size=\"40\" maxlength=\"400\" class=\"wpcf7-form-control wpcf7-text wpcf7-validates-as-required\" aria-required=\"true\" aria-invalid=\"false\" value=\"\" type=\"text\" name=\"text-435\" \/><\/span>\n\t<\/p>\n<\/div>\n<p><label>Your Message<\/label><span class=\"wpcf7-form-control-wrap\" data-name=\"your-message\"><textarea cols=\"40\" rows=\"10\" maxlength=\"2000\" class=\"wpcf7-form-control wpcf7-textarea\" aria-invalid=\"false\" name=\"your-message\"><\/textarea><\/span>\n<\/p>\n<p><span id=\"wpcf7-69e497832e665-wrapper\" class=\"wpcf7-form-control-wrap email-929-wrap\" ><label for=\"wpcf7-69e497832e665-field\" class=\"hp-message\">Please leave this field empty.<\/label><input id=\"wpcf7-69e497832e665-field\"  class=\"wpcf7-form-control wpcf7-text\" type=\"text\" name=\"email-929\" value=\"\" size=\"40\" tabindex=\"-1\" autocomplete=\"new-password\" \/><\/span>\n<\/p>\n<p><input class=\"wpcf7-form-control wpcf7-submit has-spinner btn-color-black\" type=\"submit\" value=\"SUBMIT\" \/>\n<\/p>\n<div class=\"wpcf7-response-output\" aria-hidden=\"true\"><\/div>\n<input type=\"hidden\" name=\"trp-form-language\" value=\"en\"\/><\/form>\n<\/div><\/div>\n<\/p><\/div>\n<\/p><\/div>\n<\/p><\/div>\n<\/p><\/div>\n<\/p><\/div>\n<\/p><\/div>\n<\/p><\/div>\n<\/p><\/div>\n<\/p><\/div>\n<\/p><\/div>\n<\/p>\n<p>&nbsp;<\/p>","protected":false},"featured_media":18331,"comment_status":"open","ping_status":"closed","template":"","meta":[],"product_brand":[],"product_cat":[180],"product_tag":[217,191],"class_list":{"0":"post-17041","1":"product","2":"type-product","3":"status-publish","4":"has-post-thumbnail","6":"product_cat-akulu-sistemler","7":"product_tag-ev-tipi-ruzgar-turbini","8":"product_tag-off-grid","10":"first","11":"instock","12":"taxable","13":"shipping-taxable","14":"product-type-simple"},"_links":{"self":[{"href":"https:\/\/soyutwind.com\/en\/wp-json\/wp\/v2\/product\/17041","targetHints":{"allow":["GET"]}}],"collection":[{"href":"https:\/\/soyutwind.com\/en\/wp-json\/wp\/v2\/product"}],"about":[{"href":"https:\/\/soyutwind.com\/en\/wp-json\/wp\/v2\/types\/product"}],"replies":[{"embeddable":true,"href":"https:\/\/soyutwind.com\/en\/wp-json\/wp\/v2\/comments?post=17041"}],"version-history":[{"count":1,"href":"https:\/\/soyutwind.com\/en\/wp-json\/wp\/v2\/product\/17041\/revisions"}],"predecessor-version":[{"id":22130,"href":"https:\/\/soyutwind.com\/en\/wp-json\/wp\/v2\/product\/17041\/revisions\/22130"}],"wp:featuredmedia":[{"embeddable":true,"href":"https:\/\/soyutwind.com\/en\/wp-json\/wp\/v2\/media\/18331"}],"wp:attachment":[{"href":"https:\/\/soyutwind.com\/en\/wp-json\/wp\/v2\/media?parent=17041"}],"wp:term":[{"taxonomy":"product_brand","embeddable":true,"href":"https:\/\/soyutwind.com\/en\/wp-json\/wp\/v2\/product_brand?post=17041"},{"taxonomy":"product_cat","embeddable":true,"href":"https:\/\/soyutwind.com\/en\/wp-json\/wp\/v2\/product_cat?post=17041"},{"taxonomy":"product_tag","embeddable":true,"href":"https:\/\/soyutwind.com\/en\/wp-json\/wp\/v2\/product_tag?post=17041"}],"curies":[{"name":"wp","href":"https:\/\/api.w.org\/{rel}","templated":true}]}}